{"id":1232,"date":"2022-06-07T15:16:02","date_gmt":"2022-06-07T15:16:02","guid":{"rendered":"https:\/\/davormucic.com\/?page_id=1232"},"modified":"2022-07-27T10:10:01","modified_gmt":"2022-07-27T10:10:01","slug":"press","status":"publish","type":"page","link":"https:\/\/davormucic.com\/hr\/press\/","title":{"rendered":"Media appearances"},"content":{"rendered":"<div class=\"wp-block-cover is-light is-style-scale-image no-transform\" style=\"min-height:25vh;aspect-ratio:unset;\" id=\"cover-bckgrnd\"><span aria-hidden=\"true\" class=\"wp-block-cover__background has-background-dim-20 has-background-dim\"><\/span><img loading=\"lazy\" decoding=\"async\" width=\"522\" height=\"625\" class=\"wp-block-cover__image-background wp-image-1251\" alt=\"brown vintage camera with glass flash Duaflex 4\" src=\"https:\/\/davormucic.com\/wp-content\/uploads\/2022\/06\/brown-vintage-camera-with-glass-flash.jpg\" data-object-fit=\"cover\" srcset=\"https:\/\/davormucic.com\/wp-content\/uploads\/2022\/06\/brown-vintage-camera-with-glass-flash.jpg 522w, https:\/\/davormucic.com\/wp-content\/uploads\/2022\/06\/brown-vintage-camera-with-glass-flash-251x300.jpg 251w, https:\/\/davormucic.com\/wp-content\/uploads\/2022\/06\/brown-vintage-camera-with-glass-flash-10x12.jpg 10w\" sizes=\"auto, (max-width: 522px) 100vw, 522px\" \/><div class=\"wp-block-cover__inner-container is-layout-flow wp-block-cover-is-layout-flow\">\n<h1 class=\"has-text-align-center has-palette-2-color has-palette-3-background-color has-text-color has-background wp-block-heading\" id=\"hero-title\" style=\"font-size:2.4em\">Press<\/h1>\n<\/div><\/div>\n\n\n\n<div style=\"height:20vh\" aria-hidden=\"true\" class=\"wp-block-spacer\"><\/div>\n\n\n\n<div class=\"wp-block-columns is-layout-flex wp-container-core-columns-is-layout-2 wp-block-columns-is-layout-flex\">\n<div class=\"wp-block-column is-layout-flow wp-block-column-is-layout-flow\">\n<h2 class=\"has-text-align-center wp-block-heading\" style=\"font-size:1.777em\">Medijska pojavljivanja dr Davora Muci\u0107a<\/h2>\n\n\n\n<div style=\"height:20vh\" aria-hidden=\"true\" class=\"wp-block-spacer\"><\/div>\n\n\n\n<div class=\"wp-block-columns is-layout-flex wp-container-core-columns-is-layout-1 wp-block-columns-is-layout-flex\">\n<div class=\"wp-block-column is-layout-flow wp-block-column-is-layout-flow\">\n<div class=\"wp-block-cover is-light is-style-scale-image\" id=\"cover-b-color\"><span aria-hidden=\"true\" class=\"wp-block-cover__background has-background-dim-20 has-background-dim\"><\/span><img loading=\"lazy\" decoding=\"async\" width=\"678\" height=\"489\" class=\"wp-block-cover__image-background wp-image-1462\" alt=\"gray laptop with empty screen on white background\" src=\"https:\/\/davormucic.com\/wp-content\/uploads\/2022\/06\/laptop-with-empty-screen-on-white-bakground.jpg\" data-object-fit=\"cover\" srcset=\"https:\/\/davormucic.com\/wp-content\/uploads\/2022\/06\/laptop-with-empty-screen-on-white-bakground.jpg 678w, https:\/\/davormucic.com\/wp-content\/uploads\/2022\/06\/laptop-with-empty-screen-on-white-bakground-300x216.jpg 300w, https:\/\/davormucic.com\/wp-content\/uploads\/2022\/06\/laptop-with-empty-screen-on-white-bakground-18x12.jpg 18w\" sizes=\"auto, (max-width: 678px) 100vw, 678px\" \/><div class=\"wp-block-cover__inner-container is-layout-flow wp-block-cover-is-layout-flow\">\n<h3 class=\"has-text-align-center has-palette-2-color has-palette-3-background-color has-text-color has-background wp-block-heading\" id=\"hero-title\"><a href=\"https:\/\/davormucic.com\/hr\/press\/online-articles\/\">Onlajn \u010dlanci<\/a><\/h3>\n<\/div><\/div>\n<\/div>\n\n\n\n<div class=\"wp-block-column is-layout-flow wp-block-column-is-layout-flow\">\n<div class=\"wp-block-cover is-light is-style-scale-image\" id=\"cover-b-color\"><span aria-hidden=\"true\" class=\"wp-block-cover__background has-background-dim-20 has-background-dim\"><\/span><img loading=\"lazy\" decoding=\"async\" width=\"600\" height=\"600\" class=\"wp-block-cover__image-background wp-image-741\" alt=\"vintage televison set GoldStar brand\" src=\"https:\/\/davormucic.com\/wp-content\/uploads\/2022\/05\/tv-2.jpg\" data-object-fit=\"cover\" srcset=\"https:\/\/davormucic.com\/wp-content\/uploads\/2022\/05\/tv-2.jpg 600w, https:\/\/davormucic.com\/wp-content\/uploads\/2022\/05\/tv-2-300x300.jpg 300w, https:\/\/davormucic.com\/wp-content\/uploads\/2022\/05\/tv-2-150x150.jpg 150w, https:\/\/davormucic.com\/wp-content\/uploads\/2022\/05\/tv-2-12x12.jpg 12w\" sizes=\"auto, (max-width: 600px) 100vw, 600px\" \/><div class=\"wp-block-cover__inner-container is-layout-flow wp-block-cover-is-layout-flow\">\n<h3 class=\"has-text-align-center has-palette-2-color has-palette-3-background-color has-text-color has-background wp-block-heading\" id=\"hero-title\"><a href=\"https:\/\/davormucic.com\/hr\/press\/tv\/\">TV gostovanja<\/a><\/h3>\n<\/div><\/div>\n<\/div>\n\n\n\n<div class=\"wp-block-column is-layout-flow wp-block-column-is-layout-flow\">\n<div class=\"wp-block-cover is-light is-style-scale-image\" id=\"cover-b-color\"><span aria-hidden=\"true\" class=\"wp-block-cover__background has-background-dim-20 has-background-dim\"><\/span><img loading=\"lazy\" decoding=\"async\" width=\"600\" height=\"600\" class=\"wp-block-cover__image-background wp-image-1358\" alt=\"folded newspaper, The Art Newspaper front page black and white\" src=\"https:\/\/davormucic.com\/wp-content\/uploads\/2022\/06\/newspaper-the-art-newspaper-front-page-black-and-white.jpeg\" data-object-fit=\"cover\" srcset=\"https:\/\/davormucic.com\/wp-content\/uploads\/2022\/06\/newspaper-the-art-newspaper-front-page-black-and-white.jpeg 600w, https:\/\/davormucic.com\/wp-content\/uploads\/2022\/06\/newspaper-the-art-newspaper-front-page-black-and-white-300x300.jpeg 300w, https:\/\/davormucic.com\/wp-content\/uploads\/2022\/06\/newspaper-the-art-newspaper-front-page-black-and-white-150x150.jpeg 150w, https:\/\/davormucic.com\/wp-content\/uploads\/2022\/06\/newspaper-the-art-newspaper-front-page-black-and-white-12x12.jpeg 12w\" sizes=\"auto, (max-width: 600px) 100vw, 600px\" \/><div class=\"wp-block-cover__inner-container is-layout-flow wp-block-cover-is-layout-flow\">\n<h3 class=\"has-text-align-center has-palette-2-color has-palette-3-background-color has-text-color has-background wp-block-heading\" id=\"hero-title\"><a href=\"https:\/\/davormucic.com\/hr\/press\/newspaper-interviews\/\">Novinski intervjui<\/a><\/h3>\n<\/div><\/div>\n<\/div>\n<\/div>\n<\/div>\n<\/div>\n\n\n\n<div style=\"height:20vh\" aria-hidden=\"true\" class=\"wp-block-spacer\"><\/div>\n\n\n\n<hr class=\"wp-block-separator has-alpha-channel-opacity is-style-wide\"\/>\n\n\n\n<div style=\"height:20vh\" aria-hidden=\"true\" class=\"wp-block-spacer\"><\/div>\n\n\n\n<div class=\"wp-block-cover\"><span aria-hidden=\"true\" class=\"wp-block-cover__background has-background-dim-20 has-background-dim\"><\/span><img loading=\"lazy\" decoding=\"async\" width=\"1920\" height=\"1280\" class=\"wp-block-cover__image-background wp-image-1292\" alt=\"Katowice city night skyline\" src=\"https:\/\/davormucic.com\/wp-content\/uploads\/2022\/06\/Katowice-skyline.jpg\" data-object-fit=\"cover\" srcset=\"https:\/\/davormucic.com\/wp-content\/uploads\/2022\/06\/Katowice-skyline.jpg 1920w, https:\/\/davormucic.com\/wp-content\/uploads\/2022\/06\/Katowice-skyline-300x200.jpg 300w, https:\/\/davormucic.com\/wp-content\/uploads\/2022\/06\/Katowice-skyline-1024x683.jpg 1024w, https:\/\/davormucic.com\/wp-content\/uploads\/2022\/06\/Katowice-skyline-768x512.jpg 768w, https:\/\/davormucic.com\/wp-content\/uploads\/2022\/06\/Katowice-skyline-1536x1024.jpg 1536w, https:\/\/davormucic.com\/wp-content\/uploads\/2022\/06\/Katowice-skyline-18x12.jpg 18w, https:\/\/davormucic.com\/wp-content\/uploads\/2022\/06\/Katowice-skyline-680x453.jpg 680w\" sizes=\"auto, (max-width: 1920px) 100vw, 1920px\" \/><div class=\"wp-block-cover__inner-container is-layout-flow wp-block-cover-is-layout-flow\">\n<div class=\"wp-block-columns is-layout-flex wp-container-core-columns-is-layout-4 wp-block-columns-is-layout-flex\">\n<div class=\"wp-block-column is-layout-flow wp-block-column-is-layout-flow\" style=\"flex-basis:100%\">\n<div class=\"wp-block-columns is-style-no-gaps is-layout-flex wp-container-core-columns-is-layout-3 wp-block-columns-is-layout-flex\">\n<div class=\"wp-block-column is-layout-flow wp-block-column-is-layout-flow\" style=\"flex-basis:50%\">\n<h3 class=\"has-palette-2-color has-text-color has-background wp-block-heading\" style=\"background-color:#ebecf0\">Ako \u017eelite da Davor Muci\u0107 bude predava\u010d na va\u0161em Univerzitetu, simpoziju ili zdravstvenoj ustanovi, slobodno po\u0161aljite poruku<\/h3>\n\n\n\n<p><\/p>\n<\/div>\n<\/div>\n\n\n\n<div class=\"wp-block-buttons is-layout-flex wp-block-buttons-is-layout-flex\">\n<div class=\"wp-block-button\"><a class=\"wp-block-button__link\" href=\"https:\/\/davormucic.com\/hr\/contact\/\">Kontakt<\/a><\/div>\n<\/div>\n<\/div>\n<\/div>\n<\/div><\/div>","protected":false},"excerpt":{"rendered":"<div class=\"entry-summary\">\nMedijska pojavljivanja dr Davora Muci\u0107a\n<\/div>\n<div class=\"link-more-container\"><a href=\"https:\/\/davormucic.com\/hr\/press\/\" class=\"link-more\" aria-label=\"Continue reading Media appearances\">Continue reading&hellip;<\/a><\/div>","protected":false},"author":1,"featured_media":1251,"parent":0,"menu_order":0,"comment_status":"closed","ping_status":"closed","template":"templates\/page-builder.php","meta":{"jetpack_post_was_ever_published":false,"footnotes":""},"class_list":["post-1232","page","type-page","status-publish","has-post-thumbnail","hentry","entry","entry-type-page"],"jetpack_sharing_enabled":true,"_links":{"self":[{"href":"https:\/\/davormucic.com\/hr\/wp-json\/wp\/v2\/pages\/1232","targetHints":{"allow":["GET"]}}],"collection":[{"href":"https:\/\/davormucic.com\/hr\/wp-json\/wp\/v2\/pages"}],"about":[{"href":"https:\/\/davormucic.com\/hr\/wp-json\/wp\/v2\/types\/page"}],"author":[{"embeddable":true,"href":"https:\/\/davormucic.com\/hr\/wp-json\/wp\/v2\/users\/1"}],"replies":[{"embeddable":true,"href":"https:\/\/davormucic.com\/hr\/wp-json\/wp\/v2\/comments?post=1232"}],"version-history":[{"count":84,"href":"https:\/\/davormucic.com\/hr\/wp-json\/wp\/v2\/pages\/1232\/revisions"}],"predecessor-version":[{"id":1980,"href":"https:\/\/davormucic.com\/hr\/wp-json\/wp\/v2\/pages\/1232\/revisions\/1980"}],"wp:featuredmedia":[{"embeddable":true,"href":"https:\/\/davormucic.com\/hr\/wp-json\/wp\/v2\/media\/1251"}],"wp:attachment":[{"href":"https:\/\/davormucic.com\/hr\/wp-json\/wp\/v2\/media?parent=1232"}],"curies":[{"name":"wp","href":"https:\/\/api.w.org\/{rel}","templated":true}]}}