{"id":1368,"date":"2022-06-15T22:58:21","date_gmt":"2022-06-15T22:58:21","guid":{"rendered":"https:\/\/davormucic.com\/?page_id=1368"},"modified":"2024-12-03T11:20:11","modified_gmt":"2024-12-03T11:20:11","slug":"newspaper-interviews","status":"publish","type":"page","link":"https:\/\/davormucic.com\/hr\/press\/newspaper-interviews\/","title":{"rendered":"Novinski intervjui"},"content":{"rendered":"<div class=\"wp-block-cover is-light is-style-scale-image no-transform\" style=\"min-height:25vh;aspect-ratio:unset;\" id=\"cover-bckgrnd\"><span aria-hidden=\"true\" class=\"wp-block-cover__background has-background-dim-20 has-background-dim\"><\/span><img loading=\"lazy\" decoding=\"async\" width=\"600\" height=\"600\" class=\"wp-block-cover__image-background wp-image-1358\" alt=\"folded newspaper, The Art Newspaper front page black and white\" src=\"https:\/\/davormucic.com\/wp-content\/uploads\/2022\/06\/newspaper-the-art-newspaper-front-page-black-and-white.jpeg\" data-object-fit=\"cover\" srcset=\"https:\/\/davormucic.com\/wp-content\/uploads\/2022\/06\/newspaper-the-art-newspaper-front-page-black-and-white.jpeg 600w, https:\/\/davormucic.com\/wp-content\/uploads\/2022\/06\/newspaper-the-art-newspaper-front-page-black-and-white-300x300.jpeg 300w, https:\/\/davormucic.com\/wp-content\/uploads\/2022\/06\/newspaper-the-art-newspaper-front-page-black-and-white-150x150.jpeg 150w, https:\/\/davormucic.com\/wp-content\/uploads\/2022\/06\/newspaper-the-art-newspaper-front-page-black-and-white-12x12.jpeg 12w\" sizes=\"auto, (max-width: 600px) 100vw, 600px\" \/><div class=\"wp-block-cover__inner-container is-layout-flow wp-block-cover-is-layout-flow\">\n<h1 class=\"wp-block-heading has-text-align-center has-palette-2-color has-palette-3-background-color has-text-color has-background\" id=\"hero-title\" style=\"font-size:2.4em\">Novinski intervjui<\/h1>\n<\/div><\/div>\n\n\n\n<div style=\"height:20vh\" aria-hidden=\"true\" class=\"wp-block-spacer\"><\/div>\n\n\n\n<h2 class=\"wp-block-heading has-text-align-center\" id=\"w-80\" style=\"font-size:1.777em\">Here are some of the Interviews of Dr Davor Muci\u0107 printed in the various newspapers and magazines<\/h2>\n\n\n\n<div style=\"height:20vh\" aria-hidden=\"true\" class=\"wp-block-spacer\"><\/div>\n\n\n\n<div class=\"wp-block-columns is-layout-flex wp-container-core-columns-is-layout-1 wp-block-columns-is-layout-flex\">\n<div class=\"wp-block-column is-layout-flow wp-block-column-is-layout-flow\"><div class=\"wp-block-image\">\n<figure class=\"aligncenter size-full is-resized\"><a href=\"https:\/\/davormucic.com\/wp-content\/uploads\/2024\/12\/dm1-1-combined.pdf\" target=\"_blank\" rel=\"noreferrer noopener\"><img loading=\"lazy\" decoding=\"async\" width=\"440\" height=\"673\" src=\"https:\/\/davormucic.com\/wp-content\/uploads\/2024\/12\/Izrezak.png\" alt=\"\" class=\"wp-image-2165\" style=\"width:336px;height:376px\" srcset=\"https:\/\/davormucic.com\/wp-content\/uploads\/2024\/12\/Izrezak.png 440w, https:\/\/davormucic.com\/wp-content\/uploads\/2024\/12\/Izrezak-196x300.png 196w, https:\/\/davormucic.com\/wp-content\/uploads\/2024\/12\/Izrezak-8x12.png 8w\" sizes=\"auto, (max-width: 440px) 100vw, 440px\" \/><\/a><\/figure><\/div><\/div>\n\n\n\n<div class=\"wp-block-column is-layout-flow wp-block-column-is-layout-flow\">\n<h3 class=\"wp-block-heading\">Interview for The Croatian Newspapers &#8220;Novi list&#8221; <\/h3>\n\n\n\n<h4 class=\"wp-block-heading\">\u010covjek vi\u0161e voli slatku la\u017e od gorke istine<\/h4>\n\n\n\n<p>This interview was conducted in late November 2024. By clicking the image you can read the entire text.<\/p>\n<\/div>\n<\/div>\n\n\n\n<div style=\"height:100px\" aria-hidden=\"true\" class=\"wp-block-spacer\"><\/div>\n\n\n\n<hr class=\"wp-block-separator has-alpha-channel-opacity is-style-wide\"\/>\n\n\n\n<div style=\"height:100px\" aria-hidden=\"true\" class=\"wp-block-spacer\"><\/div>\n\n\n\n<div class=\"wp-block-columns is-layout-flex wp-container-core-columns-is-layout-5 wp-block-columns-is-layout-flex\" id=\"w-80\">\n<div class=\"wp-block-column is-layout-flow wp-block-column-is-layout-flow\">\n<div class=\"wp-block-columns is-layout-flex wp-container-core-columns-is-layout-2 wp-block-columns-is-layout-flex\">\n<div class=\"wp-block-column is-layout-flow wp-block-column-is-layout-flow\"><div class=\"wp-block-image\">\n<figure class=\"aligncenter size-full is-resized\"><a href=\"https:\/\/davormucic.com\/wp-content\/uploads\/2022\/06\/SLO-intervju-REPORTER-21.11.2021.-.pdf\" target=\"_blank\" rel=\"noreferrer noopener\"><img loading=\"lazy\" decoding=\"async\" width=\"448\" height=\"501\" src=\"https:\/\/davormucic.com\/wp-content\/uploads\/2022\/06\/Naslovna-Reporter-SLO-2021.png\" alt=\"Davor Mucic on the Cover of the Slovenian Reporter Magazine\" class=\"wp-image-1412\" style=\"width:336px;height:376px\" srcset=\"https:\/\/davormucic.com\/wp-content\/uploads\/2022\/06\/Naslovna-Reporter-SLO-2021.png 448w, https:\/\/davormucic.com\/wp-content\/uploads\/2022\/06\/Naslovna-Reporter-SLO-2021-268x300.png 268w, https:\/\/davormucic.com\/wp-content\/uploads\/2022\/06\/Naslovna-Reporter-SLO-2021-11x12.png 11w\" sizes=\"auto, (max-width: 448px) 100vw, 448px\" \/><\/a><\/figure><\/div><\/div>\n\n\n\n<div class=\"wp-block-column is-layout-flow wp-block-column-is-layout-flow\">\n<h3 class=\"wp-block-heading\">Intervju za slovena\u010dki magazin Reporter<\/h3>\n\n\n\n<h4 class=\"wp-block-heading\">Psychiatrist Davor Muci\u0107: 70 percent of patients with a referral never come to a psychiatric examination<\/h4>\n\n\n\n<p>Intervju je objavljen krajem novembra 2024. Klikom na sliku mo\u017eete pro\u010ditati cijeli tekst.<\/p>\n<\/div>\n<\/div>\n\n\n\n<div style=\"height:15vh\" aria-hidden=\"true\" class=\"wp-block-spacer\"><\/div>\n\n\n\n<hr class=\"wp-block-separator has-alpha-channel-opacity is-style-wide\"\/>\n\n\n\n<div style=\"height:15vh\" aria-hidden=\"true\" class=\"wp-block-spacer\"><\/div>\n\n\n\n<div class=\"wp-block-columns is-layout-flex wp-container-core-columns-is-layout-3 wp-block-columns-is-layout-flex\" id=\"w-80\">\n<div class=\"wp-block-column is-layout-flow wp-block-column-is-layout-flow\"><div class=\"wp-block-image\">\n<figure class=\"aligncenter size-full\"><a href=\"https:\/\/davormucic.com\/wp-content\/uploads\/2022\/06\/Stil-magazin-Lecenje-na-daljinu.jpg\" target=\"_blank\" rel=\"noreferrer noopener\"><img loading=\"lazy\" decoding=\"async\" width=\"647\" height=\"667\" src=\"https:\/\/davormucic.com\/wp-content\/uploads\/2022\/06\/Stil-magazin.jpg\" alt=\"Stil zena magazin - online text with the image of a woman drinking coffee\" class=\"wp-image-1418\" srcset=\"https:\/\/davormucic.com\/wp-content\/uploads\/2022\/06\/Stil-magazin.jpg 647w, https:\/\/davormucic.com\/wp-content\/uploads\/2022\/06\/Stil-magazin-291x300.jpg 291w, https:\/\/davormucic.com\/wp-content\/uploads\/2022\/06\/Stil-magazin-12x12.jpg 12w\" sizes=\"auto, (max-width: 647px) 100vw, 647px\" \/><\/a><\/figure><\/div><\/div>\n\n\n\n<div class=\"wp-block-column is-layout-flow wp-block-column-is-layout-flow\">\n<h3 class=\"wp-block-heading\">Intervju za online izdanje srpskog magazina Stil magazin<\/h3>\n\n\n\n<h4 class=\"wp-block-heading\"><strong>Le\u010denje na daljinu<\/strong><\/h4>\n\n\n\n<p>Intervju je objavljen 2011 godine. Klikom na sliku mo\u017eete pro\u010ditati cijeli tekst.<\/p>\n<\/div>\n<\/div>\n\n\n\n<div style=\"height:15vh\" aria-hidden=\"true\" class=\"wp-block-spacer\"><\/div>\n\n\n\n<hr class=\"wp-block-separator has-alpha-channel-opacity is-style-wide\"\/>\n\n\n\n<div style=\"height:15vh\" aria-hidden=\"true\" class=\"wp-block-spacer\"><\/div>\n\n\n\n<div class=\"wp-block-columns is-layout-flex wp-container-core-columns-is-layout-4 wp-block-columns-is-layout-flex\" id=\"w-80\">\n<div class=\"wp-block-column is-layout-flow wp-block-column-is-layout-flow\"><div class=\"wp-block-image\">\n<figure class=\"aligncenter size-full is-resized\"><a href=\"https:\/\/stav.ba\/vijest\/davor-mucic-jedan-je-od-pionira-telepsihijatrije\/4788?\" target=\"_blank\" rel=\"noreferrer noopener\"><img loading=\"lazy\" decoding=\"async\" width=\"526\" height=\"697\" src=\"https:\/\/davormucic.com\/wp-content\/uploads\/2022\/06\/Intervju-za-Stav-nedeljnik.jpeg\" alt=\"Davor Mucic interview for Bosnian Stav weekly\" class=\"wp-image-1406\" style=\"width:395px;height:523px\" srcset=\"https:\/\/davormucic.com\/wp-content\/uploads\/2022\/06\/Intervju-za-Stav-nedeljnik.jpeg 526w, https:\/\/davormucic.com\/wp-content\/uploads\/2022\/06\/Intervju-za-Stav-nedeljnik-226x300.jpeg 226w, https:\/\/davormucic.com\/wp-content\/uploads\/2022\/06\/Intervju-za-Stav-nedeljnik-9x12.jpeg 9w\" sizes=\"auto, (max-width: 526px) 100vw, 526px\" \/><\/a><\/figure><\/div><\/div>\n\n\n\n<div class=\"wp-block-column is-layout-flow wp-block-column-is-layout-flow\">\n<h3 class=\"wp-block-heading\">Interview for The Bosnian Weekly Newspaper \u201dStav\u201d<\/h3>\n\n\n\n<h4 class=\"wp-block-heading\">Davor Muci\u0107 is one of the pioneers of telepsychiatry<\/h4>\n\n\n\n<p>Ovaj intervju je objavljen po\u010detkom oktobra 2021. Klikom na sliku mo\u017eete pro\u010ditati cijeli tekst.<\/p>\n<\/div>\n<\/div>\n\n\n\n<div style=\"height:15vh\" aria-hidden=\"true\" class=\"wp-block-spacer\"><\/div>\n<\/div>\n<\/div>\n\n\n\n<div class=\"wp-block-cover\"><span aria-hidden=\"true\" class=\"wp-block-cover__background has-background-dim-0 has-background-dim\"><\/span><img loading=\"lazy\" decoding=\"async\" width=\"1920\" height=\"1285\" class=\"wp-block-cover__image-background wp-image-1435\" alt=\"Miljacka river in Sarajevo flowing through a wide street with stone bridge connecting two banks\" src=\"https:\/\/davormucic.com\/wp-content\/uploads\/2022\/06\/Sarajevo-brdige-over-River-Miljacka-landscape.jpg\" data-object-fit=\"cover\" srcset=\"https:\/\/davormucic.com\/wp-content\/uploads\/2022\/06\/Sarajevo-brdige-over-River-Miljacka-landscape.jpg 1920w, https:\/\/davormucic.com\/wp-content\/uploads\/2022\/06\/Sarajevo-brdige-over-River-Miljacka-landscape-300x201.jpg 300w, https:\/\/davormucic.com\/wp-content\/uploads\/2022\/06\/Sarajevo-brdige-over-River-Miljacka-landscape-1024x685.jpg 1024w, https:\/\/davormucic.com\/wp-content\/uploads\/2022\/06\/Sarajevo-brdige-over-River-Miljacka-landscape-768x514.jpg 768w, https:\/\/davormucic.com\/wp-content\/uploads\/2022\/06\/Sarajevo-brdige-over-River-Miljacka-landscape-1536x1028.jpg 1536w, https:\/\/davormucic.com\/wp-content\/uploads\/2022\/06\/Sarajevo-brdige-over-River-Miljacka-landscape-18x12.jpg 18w, https:\/\/davormucic.com\/wp-content\/uploads\/2022\/06\/Sarajevo-brdige-over-River-Miljacka-landscape-680x455.jpg 680w\" sizes=\"auto, (max-width: 1920px) 100vw, 1920px\" \/><div class=\"wp-block-cover__inner-container is-layout-flow wp-block-cover-is-layout-flow\">\n<p class=\"has-text-align-center has-large-font-size\"><\/p>\n\n\n\n<div class=\"wp-block-columns is-layout-flex wp-container-core-columns-is-layout-7 wp-block-columns-is-layout-flex\">\n<div class=\"wp-block-column is-layout-flow wp-block-column-is-layout-flow\">\n<div class=\"wp-block-columns is-layout-flex wp-container-core-columns-is-layout-6 wp-block-columns-is-layout-flex\">\n<div class=\"wp-block-column is-layout-flow wp-block-column-is-layout-flow\">\n<h3 class=\"wp-block-heading has-palette-2-color has-text-color has-background\" style=\"background-color:#ebecf0\">Ako \u017eelite da Davor Muci\u0107 bude predava\u010d na va\u0161em Univerzitetu, simpoziju ili zdravstvenoj ustanovi, slobodno po\u0161aljite poruku<\/h3>\n\n\n\n<div class=\"wp-block-buttons is-layout-flex wp-block-buttons-is-layout-flex\">\n<div class=\"wp-block-button\"><a class=\"wp-block-button__link wp-element-button\" href=\"https:\/\/davormucic.com\/hr\/contact\/\">Kontakt<\/a><\/div>\n<\/div>\n<\/div>\n\n\n\n<div class=\"wp-block-column is-layout-flow wp-block-column-is-layout-flow\"><\/div>\n<\/div>\n<\/div>\n<\/div>\n<\/div><\/div>","protected":false},"excerpt":{"rendered":"<div class=\"entry-summary\">\nHere are some of the Interviews of Dr Davor Muci\u0107 printed in the various newspapers and magazines Interview for The Croatian Newspapers &#8220;Novi list&#8221; Man prefers sweet lie to a bitter thruth&hellip;\n<\/div>\n<div class=\"link-more-container\"><a href=\"https:\/\/davormucic.com\/hr\/press\/newspaper-interviews\/\" class=\"link-more\" aria-label=\"Continue reading Newspaper Interviews\">Continue reading&hellip;<\/a><\/div>","protected":false},"author":1,"featured_media":1358,"parent":1232,"menu_order":0,"comment_status":"closed","ping_status":"closed","template":"templates\/page-builder.php","meta":{"jetpack_post_was_ever_published":false,"footnotes":""},"class_list":["post-1368","page","type-page","status-publish","has-post-thumbnail","hentry","entry","entry-type-page"],"jetpack_sharing_enabled":true,"_links":{"self":[{"href":"https:\/\/davormucic.com\/hr\/wp-json\/wp\/v2\/pages\/1368","targetHints":{"allow":["GET"]}}],"collection":[{"href":"https:\/\/davormucic.com\/hr\/wp-json\/wp\/v2\/pages"}],"about":[{"href":"https:\/\/davormucic.com\/hr\/wp-json\/wp\/v2\/types\/page"}],"author":[{"embeddable":true,"href":"https:\/\/davormucic.com\/hr\/wp-json\/wp\/v2\/users\/1"}],"replies":[{"embeddable":true,"href":"https:\/\/davormucic.com\/hr\/wp-json\/wp\/v2\/comments?post=1368"}],"version-history":[{"count":32,"href":"https:\/\/davormucic.com\/hr\/wp-json\/wp\/v2\/pages\/1368\/revisions"}],"predecessor-version":[{"id":2172,"href":"https:\/\/davormucic.com\/hr\/wp-json\/wp\/v2\/pages\/1368\/revisions\/2172"}],"up":[{"embeddable":true,"href":"https:\/\/davormucic.com\/hr\/wp-json\/wp\/v2\/pages\/1232"}],"wp:featuredmedia":[{"embeddable":true,"href":"https:\/\/davormucic.com\/hr\/wp-json\/wp\/v2\/media\/1358"}],"wp:attachment":[{"href":"https:\/\/davormucic.com\/hr\/wp-json\/wp\/v2\/media?parent=1368"}],"curies":[{"name":"wp","href":"https:\/\/api.w.org\/{rel}","templated":true}]}}