{"id":1372,"date":"2022-06-16T11:39:15","date_gmt":"2022-06-16T11:39:15","guid":{"rendered":"https:\/\/davormucic.com\/?page_id=1372"},"modified":"2024-12-30T12:41:12","modified_gmt":"2024-12-30T12:41:12","slug":"online-articles","status":"publish","type":"page","link":"https:\/\/davormucic.com\/hr\/press\/online-articles\/","title":{"rendered":"Onlajn \u010dlanci"},"content":{"rendered":"<div class=\"wp-block-cover is-light is-style-scale-image no-transform\" style=\"min-height:25vh;aspect-ratio:unset;\" id=\"cover-bckgrnd\"><span aria-hidden=\"true\" class=\"wp-block-cover__background has-background-dim-20 has-background-dim\"><\/span><img loading=\"lazy\" decoding=\"async\" width=\"678\" height=\"489\" class=\"wp-block-cover__image-background wp-image-1462\" alt=\"gray laptop with empty screen on white background\" src=\"https:\/\/davormucic.com\/wp-content\/uploads\/2022\/06\/laptop-with-empty-screen-on-white-bakground.jpg\" style=\"object-position:50% 50%\" data-object-fit=\"cover\" data-object-position=\"50% 50%\" srcset=\"https:\/\/davormucic.com\/wp-content\/uploads\/2022\/06\/laptop-with-empty-screen-on-white-bakground.jpg 678w, https:\/\/davormucic.com\/wp-content\/uploads\/2022\/06\/laptop-with-empty-screen-on-white-bakground-300x216.jpg 300w, https:\/\/davormucic.com\/wp-content\/uploads\/2022\/06\/laptop-with-empty-screen-on-white-bakground-18x12.jpg 18w\" sizes=\"auto, (max-width: 678px) 100vw, 678px\" \/><div class=\"wp-block-cover__inner-container is-layout-flow wp-block-cover-is-layout-flow\">\n<h1 class=\"wp-block-heading has-text-align-center has-palette-2-color has-palette-3-background-color has-text-color has-background\" id=\"hero-title\" style=\"font-size:2.4em\">Onlajn \u010dlanci<\/h1>\n<\/div><\/div>\n\n\n\n<div style=\"height:20vh\" aria-hidden=\"true\" class=\"wp-block-spacer\"><\/div>\n\n\n\n<h2 class=\"wp-block-heading has-text-align-center\" id=\"w-80\" style=\"font-size:1.777em\">Here are some of the online articles and interviews of Dr. Davor Muci\u0107<\/h2>\n\n\n\n<div style=\"height:20vh\" aria-hidden=\"true\" class=\"wp-block-spacer\"><\/div>\n\n\n\n<div class=\"wp-block-columns is-style-has-padding is-layout-flex wp-container-core-columns-is-layout-1 wp-block-columns-is-layout-flex\" style=\"padding-right:var(--wp--preset--spacing--20);padding-left:var(--wp--preset--spacing--20)\">\n<div class=\"wp-block-column is-layout-flow wp-block-column-is-layout-flow\" style=\"flex-basis:50%\"><div class=\"wp-block-image\">\n<figure class=\"aligncenter size-full\"><a href=\"https:\/\/volimzrenjanin.com\/dr-davor-mucic-mali-princ-u-zrenjaninu\/\" target=\"_blank\" rel=\"noreferrer noopener\"><img loading=\"lazy\" decoding=\"async\" width=\"1080\" height=\"1080\" src=\"https:\/\/davormucic.com\/wp-content\/uploads\/2024\/12\/promocija-.jpg\" alt=\"\" class=\"wp-image-2186\" style=\"aspect-ratio:4\/3;object-fit:contain\" srcset=\"https:\/\/davormucic.com\/wp-content\/uploads\/2024\/12\/promocija-.jpg 1080w, https:\/\/davormucic.com\/wp-content\/uploads\/2024\/12\/promocija--300x300.jpg 300w, https:\/\/davormucic.com\/wp-content\/uploads\/2024\/12\/promocija--1024x1024.jpg 1024w, https:\/\/davormucic.com\/wp-content\/uploads\/2024\/12\/promocija--150x150.jpg 150w, https:\/\/davormucic.com\/wp-content\/uploads\/2024\/12\/promocija--768x768.jpg 768w, https:\/\/davormucic.com\/wp-content\/uploads\/2024\/12\/promocija--12x12.jpg 12w, https:\/\/davormucic.com\/wp-content\/uploads\/2024\/12\/promocija--680x680.jpg 680w\" sizes=\"auto, (max-width: 1080px) 100vw, 1080px\" \/><\/a><\/figure><\/div><\/div>\n\n\n\n<div class=\"wp-block-column is-layout-flow wp-block-column-is-layout-flow\">\n<h3 class=\"wp-block-heading\">Article for informational portal &#8220;Volim Zrenjanin&#8221;<\/h3>\n\n\n\n<h4 class=\"wp-block-heading\">Davor Muci\u0107 in Zrenjanin introduced new project and CD: &#8220;Gdje nema vrata, caruje zid&#8221;<\/h4>\n\n\n\n<p>\u010clanak je objavljen krajem decembra 2024. Klikom na sliku mo\u017eete pro\u010ditati cijeli tekst.<\/p>\n\n\n\n<p><\/p>\n<\/div>\n<\/div>\n\n\n\n<div style=\"height:100px\" aria-hidden=\"true\" class=\"wp-block-spacer\"><\/div>\n\n\n\n<hr class=\"wp-block-separator has-alpha-channel-opacity is-style-wide\"\/>\n\n\n\n<div style=\"height:100px\" aria-hidden=\"true\" class=\"wp-block-spacer\"><\/div>\n\n\n\n<div class=\"wp-block-columns is-style-has-padding is-layout-flex wp-container-core-columns-is-layout-2 wp-block-columns-is-layout-flex\" style=\"padding-right:var(--wp--preset--spacing--20);padding-left:var(--wp--preset--spacing--20)\">\n<div class=\"wp-block-column is-layout-flow wp-block-column-is-layout-flow\" style=\"flex-basis:50%\"><div class=\"wp-block-image\">\n<figure class=\"aligncenter size-full\"><a href=\"https:\/\/www.novilist.hr\/mozaik\/glazba\/bivsi-rijecki-student-jedan-je-od-prvih-telepsihijatara-na-svijetu-covjek-vise-voli-slatku-laz-od-gorke-istine\/\" target=\"_blank\" rel=\"noreferrer noopener\"><img loading=\"lazy\" decoding=\"async\" width=\"655\" height=\"607\" src=\"https:\/\/davormucic.com\/wp-content\/uploads\/2024\/12\/novi-list-online.png\" alt=\"\" class=\"wp-image-2176\" style=\"aspect-ratio:4\/3;object-fit:contain\" srcset=\"https:\/\/davormucic.com\/wp-content\/uploads\/2024\/12\/novi-list-online.png 655w, https:\/\/davormucic.com\/wp-content\/uploads\/2024\/12\/novi-list-online-300x278.png 300w, https:\/\/davormucic.com\/wp-content\/uploads\/2024\/12\/novi-list-online-13x12.png 13w\" sizes=\"auto, (max-width: 655px) 100vw, 655px\" \/><\/a><\/figure><\/div><\/div>\n\n\n\n<div class=\"wp-block-column is-layout-flow wp-block-column-is-layout-flow\">\n<h3 class=\"wp-block-heading\">Interview for Croatian online newspapers &#8220;Novi list&#8221;<\/h3>\n\n\n\n<h4 class=\"wp-block-heading\">\u010covjek vi\u0161e voli slatku la\u017e od gorke istine<\/h4>\n\n\n\n<p>\u010clanak je objavljen krajem novembra 2024. Klikom na sliku mo\u017eete pro\u010ditati cijeli tekst.<\/p>\n\n\n\n<p><\/p>\n<\/div>\n<\/div>\n\n\n\n<div style=\"height:100px\" aria-hidden=\"true\" class=\"wp-block-spacer\"><\/div>\n\n\n\n<hr class=\"wp-block-separator has-alpha-channel-opacity is-style-wide\"\/>\n\n\n\n<div style=\"height:100px\" aria-hidden=\"true\" class=\"wp-block-spacer\"><\/div>\n\n\n\n<div class=\"wp-block-columns is-layout-flex wp-container-core-columns-is-layout-3 wp-block-columns-is-layout-flex\">\n<div class=\"wp-block-column is-layout-flow wp-block-column-is-layout-flow\" style=\"flex-basis:50%\"><div class=\"wp-block-image\">\n<figure class=\"aligncenter size-full\"><a href=\"https:\/\/lavie.hr\/davor-mucic-psihijatar-mali-princ-telepsihijatrija\/\" target=\"_blank\" rel=\"noreferrer noopener\"><img loading=\"lazy\" decoding=\"async\" width=\"425\" height=\"693\" src=\"https:\/\/davormucic.com\/wp-content\/uploads\/2024\/12\/la-vie.png\" alt=\"\" class=\"wp-image-2174\" style=\"aspect-ratio:2\/3;object-fit:contain\" srcset=\"https:\/\/davormucic.com\/wp-content\/uploads\/2024\/12\/la-vie.png 425w, https:\/\/davormucic.com\/wp-content\/uploads\/2024\/12\/la-vie-184x300.png 184w, https:\/\/davormucic.com\/wp-content\/uploads\/2024\/12\/la-vie-7x12.png 7w\" sizes=\"auto, (max-width: 425px) 100vw, 425px\" \/><\/a><\/figure><\/div><\/div>\n\n\n\n<div class=\"wp-block-column is-layout-flow wp-block-column-is-layout-flow\" style=\"padding-right:var(--wp--preset--spacing--80)\">\n<h3 class=\"wp-block-heading\">Interview for the Croatian online magazine &#8220;La Vie&#8221;<\/h3>\n\n\n\n<h4 class=\"wp-block-heading\">Muci\u0107: A conversation with a renowned psychiatrist and musician who introduced telepsychiatry into the European healthcare system<\/h4>\n\n\n\n<p>\u010clanak je objavljen sredinom novembra 2024. Klikom na sliku mo\u017eete pro\u010ditati cijeli tekst.<\/p>\n\n\n\n<p><\/p>\n<\/div>\n<\/div>\n\n\n\n<div style=\"height:100px\" aria-hidden=\"true\" class=\"wp-block-spacer\"><\/div>\n\n\n\n<hr class=\"wp-block-separator has-alpha-channel-opacity is-style-wide\"\/>\n\n\n\n<div style=\"height:15vh\" aria-hidden=\"true\" class=\"wp-block-spacer\"><\/div>\n\n\n\n<div class=\"wp-block-columns is-layout-flex wp-container-core-columns-is-layout-11 wp-block-columns-is-layout-flex\" id=\"width-100\">\n<div class=\"wp-block-column is-layout-flow wp-block-column-is-layout-flow\" id=\"w-80\">\n<div class=\"wp-block-columns is-layout-flex wp-container-core-columns-is-layout-4 wp-block-columns-is-layout-flex\">\n<div class=\"wp-block-column is-layout-flow wp-block-column-is-layout-flow\" style=\"flex-basis:50%\"><div class=\"wp-block-image\">\n<figure class=\"aligncenter size-full\"><a href=\"https:\/\/n1info.ba\/video\/novi-dan\/mucic-ljudi-se-stide-potraziti-pomoc\/\" target=\"_blank\" rel=\"noreferrer noopener\"><img loading=\"lazy\" decoding=\"async\" width=\"981\" height=\"860\" src=\"https:\/\/davormucic.com\/wp-content\/uploads\/2023\/09\/dr-mucic-na-N1-u-Novi-Dan-emisiji.jpeg\" alt=\"\" class=\"wp-image-2113\" srcset=\"https:\/\/davormucic.com\/wp-content\/uploads\/2023\/09\/dr-mucic-na-N1-u-Novi-Dan-emisiji.jpeg 981w, https:\/\/davormucic.com\/wp-content\/uploads\/2023\/09\/dr-mucic-na-N1-u-Novi-Dan-emisiji-300x263.jpeg 300w, https:\/\/davormucic.com\/wp-content\/uploads\/2023\/09\/dr-mucic-na-N1-u-Novi-Dan-emisiji-768x673.jpeg 768w, https:\/\/davormucic.com\/wp-content\/uploads\/2023\/09\/dr-mucic-na-N1-u-Novi-Dan-emisiji-14x12.jpeg 14w, https:\/\/davormucic.com\/wp-content\/uploads\/2023\/09\/dr-mucic-na-N1-u-Novi-Dan-emisiji-680x596.jpeg 680w\" sizes=\"auto, (max-width: 981px) 100vw, 981px\" \/><\/a><\/figure><\/div><\/div>\n\n\n\n<div class=\"wp-block-column is-layout-flow wp-block-column-is-layout-flow\">\n<h3 class=\"wp-block-heading\">\u010clanak objavljen na sajtu N1 BiH<\/h3>\n\n\n\n<h4 class=\"wp-block-heading\">Muci\u0107: People are ashamed to seek help<\/h4>\n\n\n\n<p>\u010clanak je objavljen sredinom avgusta 2023. Klikom na sliku mo\u017eete pro\u010ditati cijeli tekst.<\/p>\n\n\n\n<p><\/p>\n<\/div>\n<\/div>\n\n\n\n<div style=\"height:100px\" aria-hidden=\"true\" class=\"wp-block-spacer\"><\/div>\n\n\n\n<hr class=\"wp-block-separator has-alpha-channel-opacity is-style-wide\"\/>\n\n\n\n<div style=\"height:15vh\" aria-hidden=\"true\" class=\"wp-block-spacer\"><\/div>\n\n\n\n<div class=\"wp-block-columns is-layout-flex wp-container-core-columns-is-layout-5 wp-block-columns-is-layout-flex\">\n<div class=\"wp-block-column is-layout-flow wp-block-column-is-layout-flow\" style=\"flex-basis:50%\"><div class=\"wp-block-image\">\n<figure class=\"aligncenter size-full\"><a href=\"https:\/\/ba.n1info.com\/zdravlje\/psihijatar-kako-prevenirati-tragedije-poput-krvavog-pira-na-cetinju\/\" target=\"_blank\" rel=\"noreferrer noopener\"><img loading=\"lazy\" decoding=\"async\" width=\"650\" height=\"662\" src=\"https:\/\/davormucic.com\/wp-content\/uploads\/2022\/08\/Davor-Mucic-N1-BIH.jpg\" alt=\"Davor Mucic telepsychiatrist in the studio of the N1 BIH tv station\" class=\"wp-image-2056\" srcset=\"https:\/\/davormucic.com\/wp-content\/uploads\/2022\/08\/Davor-Mucic-N1-BIH.jpg 650w, https:\/\/davormucic.com\/wp-content\/uploads\/2022\/08\/Davor-Mucic-N1-BIH-295x300.jpg 295w, https:\/\/davormucic.com\/wp-content\/uploads\/2022\/08\/Davor-Mucic-N1-BIH-12x12.jpg 12w\" sizes=\"auto, (max-width: 650px) 100vw, 650px\" \/><\/a><\/figure><\/div><\/div>\n\n\n\n<div class=\"wp-block-column is-layout-flow wp-block-column-is-layout-flow\">\n<h3 class=\"wp-block-heading\">\u010clanak objavljen na sajtu N1 BiH<\/h3>\n\n\n\n<h4 class=\"wp-block-heading\">Psihijatar: Kako prevenirati tragedije poput \u201ckrvavog pira\u201d na Cetinju<\/h4>\n\n\n\n<p>\u010clanak je objavljen sredinom avgusta 2022. Klikom na sliku mo\u017eete pro\u010ditati cijeli tekst.<\/p>\n\n\n\n<p><\/p>\n<\/div>\n<\/div>\n\n\n\n<div style=\"height:100px\" aria-hidden=\"true\" class=\"wp-block-spacer\"><\/div>\n\n\n\n<hr class=\"wp-block-separator has-alpha-channel-opacity is-style-wide\"\/>\n\n\n\n<div style=\"height:15vh\" aria-hidden=\"true\" class=\"wp-block-spacer\"><\/div>\n\n\n\n<div class=\"wp-block-columns is-layout-flex wp-container-core-columns-is-layout-6 wp-block-columns-is-layout-flex\">\n<div class=\"wp-block-column is-layout-flow wp-block-column-is-layout-flow\" style=\"flex-basis:50%\"><div class=\"wp-block-image\">\n<figure class=\"aligncenter size-full\"><a href=\"https:\/\/www.wpanet.org\/post\/telepsychiatry-in-the-time-of-covid-19-a-potential-solution-to-a-global-issue\" target=\"_blank\" rel=\"noreferrer noopener\"><img loading=\"lazy\" decoding=\"async\" width=\"600\" height=\"515\" src=\"https:\/\/davormucic.com\/wp-content\/uploads\/2022\/06\/WPA-2020-DM-about-Telepsychiatry-during-Covid.jpeg\" alt=\"Telepsychiatry during Covid-19 - Davor Mucic interview for World Psychiatric Association\" class=\"wp-image-1379\" srcset=\"https:\/\/davormucic.com\/wp-content\/uploads\/2022\/06\/WPA-2020-DM-about-Telepsychiatry-during-Covid.jpeg 600w, https:\/\/davormucic.com\/wp-content\/uploads\/2022\/06\/WPA-2020-DM-about-Telepsychiatry-during-Covid-300x258.jpeg 300w, https:\/\/davormucic.com\/wp-content\/uploads\/2022\/06\/WPA-2020-DM-about-Telepsychiatry-during-Covid-14x12.jpeg 14w\" sizes=\"auto, (max-width: 600px) 100vw, 600px\" \/><\/a><\/figure><\/div><\/div>\n\n\n\n<div class=\"wp-block-column is-layout-flow wp-block-column-is-layout-flow\">\n<h3 class=\"wp-block-heading\">\u010clanak za Svetsku psihijatrijsku asocijaciju<\/h3>\n\n\n\n<h4 class=\"wp-block-heading\">Telepsychiatry in the Time of COVID-19: A Potential Solution to a Global Issue<\/h4>\n\n\n\n<p>Ovaj \u010dlanak je objavljen krajem aprila 2020. Klikom na sliku mo\u017eete pro\u010ditati cijeli tekst.<\/p>\n\n\n\n<p><\/p>\n<\/div>\n<\/div>\n\n\n\n<div style=\"height:15vh\" aria-hidden=\"true\" class=\"wp-block-spacer\"><\/div>\n\n\n\n<hr class=\"wp-block-separator has-alpha-channel-opacity is-style-wide\"\/>\n\n\n\n<div style=\"height:15vh\" aria-hidden=\"true\" class=\"wp-block-spacer\"><\/div>\n\n\n\n<div class=\"wp-block-columns is-layout-flex wp-container-core-columns-is-layout-7 wp-block-columns-is-layout-flex\">\n<div class=\"wp-block-column is-layout-flow wp-block-column-is-layout-flow\"><div class=\"wp-block-image\">\n<figure class=\"aligncenter size-full\"><a href=\"https:\/\/ugeskriftet.dk\/debat\/covid-19-og-dets-indflydelse-pa-telepsykiatrien-i-danmark\" target=\"_blank\" rel=\"noreferrer noopener\"><img loading=\"lazy\" decoding=\"async\" width=\"600\" height=\"777\" src=\"https:\/\/davormucic.com\/wp-content\/uploads\/2022\/06\/Davor-Mucic-Interview-for-Danish-Medical-Weekly-ugeskriftet.png\" alt=\"Davor Mucic Interview for Danish Medical Weekly Ugeskriftet\" class=\"wp-image-1447\" srcset=\"https:\/\/davormucic.com\/wp-content\/uploads\/2022\/06\/Davor-Mucic-Interview-for-Danish-Medical-Weekly-ugeskriftet.png 600w, https:\/\/davormucic.com\/wp-content\/uploads\/2022\/06\/Davor-Mucic-Interview-for-Danish-Medical-Weekly-ugeskriftet-232x300.png 232w, https:\/\/davormucic.com\/wp-content\/uploads\/2022\/06\/Davor-Mucic-Interview-for-Danish-Medical-Weekly-ugeskriftet-9x12.png 9w\" sizes=\"auto, (max-width: 600px) 100vw, 600px\" \/><\/a><\/figure><\/div><\/div>\n\n\n\n<div class=\"wp-block-column is-layout-flow wp-block-column-is-layout-flow\">\n<h3 class=\"wp-block-heading\">\u010clanak za danski medicinski nedeljnik \u201dUgeskrift for l\u00e6ger\u201d<\/h3>\n\n\n\n<h4 class=\"wp-block-heading\">COVID-19 and its influence on telepsychiatry in Denmark<\/h4>\n\n\n\n<p>Ovaj \u010dlanak je objavljen krajem aprila 2020. Klikom na sliku mo\u017eete pro\u010ditati cijeli tekst.<\/p>\n<\/div>\n<\/div>\n\n\n\n<div style=\"height:15vh\" aria-hidden=\"true\" class=\"wp-block-spacer\"><\/div>\n\n\n\n<hr class=\"wp-block-separator has-alpha-channel-opacity is-style-wide\"\/>\n\n\n\n<div style=\"height:15vh\" aria-hidden=\"true\" class=\"wp-block-spacer\"><\/div>\n\n\n\n<div class=\"wp-block-columns is-layout-flex wp-container-core-columns-is-layout-8 wp-block-columns-is-layout-flex\">\n<div class=\"wp-block-column is-layout-flow wp-block-column-is-layout-flow\"><div class=\"wp-block-image\">\n<figure class=\"aligncenter size-full\"><a href=\"https:\/\/davormucic.com\/wp-content\/uploads\/2022\/07\/Udkanten-DK.jpeg\" target=\"_blank\" rel=\"noreferrer noopener\"><img loading=\"lazy\" decoding=\"async\" width=\"742\" height=\"693\" src=\"https:\/\/davormucic.com\/wp-content\/uploads\/2022\/06\/Udkanten-DK-Davor-Mucic-interview.jpeg\" alt=\"Davor Mucic interview for the Danish Dagens Medicin Newspaper\" class=\"wp-image-1455\" srcset=\"https:\/\/davormucic.com\/wp-content\/uploads\/2022\/06\/Udkanten-DK-Davor-Mucic-interview.jpeg 742w, https:\/\/davormucic.com\/wp-content\/uploads\/2022\/06\/Udkanten-DK-Davor-Mucic-interview-300x280.jpeg 300w, https:\/\/davormucic.com\/wp-content\/uploads\/2022\/06\/Udkanten-DK-Davor-Mucic-interview-13x12.jpeg 13w, https:\/\/davormucic.com\/wp-content\/uploads\/2022\/06\/Udkanten-DK-Davor-Mucic-interview-680x635.jpeg 680w\" sizes=\"auto, (max-width: 742px) 100vw, 742px\" \/><\/a><\/figure><\/div><\/div>\n\n\n\n<div class=\"wp-block-column is-layout-flow wp-block-column-is-layout-flow\">\n<h3 class=\"wp-block-heading\">Intervju za danske novine \u201dDagens medicin\u201d<\/h3>\n\n\n\n<h4 class=\"wp-block-heading\">Psykiatrisk hj\u00e6lp til udkantsdanmark<\/h4>\n\n\n\n<p>Ovaj intervju je objavljen februara 2012. Klikom na sliku mo\u017eete pro\u010ditati cijeli tekst.<\/p>\n<\/div>\n<\/div>\n\n\n\n<div style=\"height:15vh\" aria-hidden=\"true\" class=\"wp-block-spacer\"><\/div>\n\n\n\n<hr class=\"wp-block-separator has-alpha-channel-opacity is-style-wide\"\/>\n\n\n\n<div style=\"height:15vh\" aria-hidden=\"true\" class=\"wp-block-spacer\"><\/div>\n\n\n\n<div class=\"wp-block-columns is-layout-flex wp-container-core-columns-is-layout-9 wp-block-columns-is-layout-flex\">\n<div class=\"wp-block-column is-layout-flow wp-block-column-is-layout-flow\"><div class=\"wp-block-image\">\n<figure class=\"aligncenter size-full\"><a href=\"https:\/\/www.psykiatri-regionh.dk\/presse-og-nyt\/Nyheder-og-pressemeddelelser\/Sider\/Telepsykiatri.aspx?\" target=\"_blank\" rel=\"noreferrer noopener\"><img loading=\"lazy\" decoding=\"async\" width=\"870\" height=\"410\" src=\"https:\/\/davormucic.com\/wp-content\/uploads\/2022\/06\/Davor-Mucic-1.jpg\" alt=\"Davor Mucic in front of the equipment for the Telepsychiatry\" class=\"wp-image-1451\" srcset=\"https:\/\/davormucic.com\/wp-content\/uploads\/2022\/06\/Davor-Mucic-1.jpg 870w, https:\/\/davormucic.com\/wp-content\/uploads\/2022\/06\/Davor-Mucic-1-300x141.jpg 300w, https:\/\/davormucic.com\/wp-content\/uploads\/2022\/06\/Davor-Mucic-1-768x362.jpg 768w, https:\/\/davormucic.com\/wp-content\/uploads\/2022\/06\/Davor-Mucic-1-18x8.jpg 18w, https:\/\/davormucic.com\/wp-content\/uploads\/2022\/06\/Davor-Mucic-1-680x320.jpg 680w\" sizes=\"auto, (max-width: 870px) 100vw, 870px\" \/><\/a><\/figure><\/div><\/div>\n\n\n\n<div class=\"wp-block-column is-layout-flow wp-block-column-is-layout-flow\">\n<h3 class=\"wp-block-heading\">Intervju dat za psihijatrijsku bolnicu Centralni Region Danske<\/h3>\n\n\n\n<h4 class=\"wp-block-heading\">Telepsychiatry can solve the specialist shortage of the future<\/h4>\n\n\n\n<p>Ovaj intervju je objavljen juna 2015. Klikom na sliku mo\u017eete pro\u010ditati cijeli tekst.<\/p>\n<\/div>\n<\/div>\n\n\n\n<div style=\"height:15vh\" aria-hidden=\"true\" class=\"wp-block-spacer\"><\/div>\n\n\n\n<hr class=\"wp-block-separator has-alpha-channel-opacity is-style-wide\"\/>\n\n\n\n<div style=\"height:15vh\" aria-hidden=\"true\" class=\"wp-block-spacer\"><\/div>\n\n\n\n<div class=\"wp-block-columns is-layout-flex wp-container-core-columns-is-layout-10 wp-block-columns-is-layout-flex\">\n<div class=\"wp-block-column is-layout-flow wp-block-column-is-layout-flow\"><div class=\"wp-block-image\">\n<figure class=\"aligncenter size-full is-resized\"><a href=\"https:\/\/www.source.ba\/clanak\/Amer\/576442\/dt?\" target=\"_blank\" rel=\"noreferrer noopener\"><img loading=\"lazy\" decoding=\"async\" width=\"650\" height=\"571\" src=\"https:\/\/davormucic.com\/wp-content\/uploads\/2022\/05\/Davor-Mucic-Sarajevski-filmski-festival.jpg\" alt=\"Davor Muci\u0107 being interviewed for Sarajevo web portal on the Sarajevo Film Festival\" class=\"wp-image-919\" style=\"width:488px;height:428px\" srcset=\"https:\/\/davormucic.com\/wp-content\/uploads\/2022\/05\/Davor-Mucic-Sarajevski-filmski-festival.jpg 650w, https:\/\/davormucic.com\/wp-content\/uploads\/2022\/05\/Davor-Mucic-Sarajevski-filmski-festival-300x264.jpg 300w, https:\/\/davormucic.com\/wp-content\/uploads\/2022\/05\/Davor-Mucic-Sarajevski-filmski-festival-14x12.jpg 14w\" sizes=\"auto, (max-width: 650px) 100vw, 650px\" \/><\/a><\/figure><\/div><\/div>\n\n\n\n<div class=\"wp-block-column is-layout-flow wp-block-column-is-layout-flow\">\n<h3 class=\"wp-block-heading\">Intervju za sarajevski Source portal<\/h3>\n\n\n\n<h4 class=\"wp-block-heading\"><strong>Otkud (tele)psihijatar u Sarajevu za vrijeme SFF-a<\/strong><\/h4>\n\n\n\n<p>Intervju je objavljen avgusta 2021. Klikom na sliku mo\u017eete pro\u010ditati cijeli tekst.<\/p>\n<\/div>\n<\/div>\n\n\n\n<div style=\"height:15vh\" aria-hidden=\"true\" class=\"wp-block-spacer\"><\/div>\n\n\n\n<hr class=\"wp-block-separator has-alpha-channel-opacity is-style-wide\"\/>\n\n\n\n<div style=\"height:15vh\" aria-hidden=\"true\" class=\"wp-block-spacer\"><\/div>\n<\/div>\n<\/div>\n\n\n\n<div class=\"wp-block-cover\"><span aria-hidden=\"true\" class=\"wp-block-cover__background has-background-dim-0 has-background-dim\"><\/span><img loading=\"lazy\" decoding=\"async\" width=\"1920\" height=\"1324\" class=\"wp-block-cover__image-background wp-image-1453\" alt=\"The Stortorget square in Malmo, Sweden\" src=\"https:\/\/davormucic.com\/wp-content\/uploads\/2022\/06\/Malmo-Sweden.jpg\" data-object-fit=\"cover\" srcset=\"https:\/\/davormucic.com\/wp-content\/uploads\/2022\/06\/Malmo-Sweden.jpg 1920w, https:\/\/davormucic.com\/wp-content\/uploads\/2022\/06\/Malmo-Sweden-300x207.jpg 300w, https:\/\/davormucic.com\/wp-content\/uploads\/2022\/06\/Malmo-Sweden-1024x706.jpg 1024w, https:\/\/davormucic.com\/wp-content\/uploads\/2022\/06\/Malmo-Sweden-768x530.jpg 768w, https:\/\/davormucic.com\/wp-content\/uploads\/2022\/06\/Malmo-Sweden-1536x1059.jpg 1536w, https:\/\/davormucic.com\/wp-content\/uploads\/2022\/06\/Malmo-Sweden-18x12.jpg 18w, https:\/\/davormucic.com\/wp-content\/uploads\/2022\/06\/Malmo-Sweden-680x469.jpg 680w\" sizes=\"auto, (max-width: 1920px) 100vw, 1920px\" \/><div class=\"wp-block-cover__inner-container is-layout-flow wp-block-cover-is-layout-flow\">\n<p class=\"has-text-align-center has-large-font-size\"><\/p>\n\n\n\n<div class=\"wp-block-columns is-layout-flex wp-container-core-columns-is-layout-13 wp-block-columns-is-layout-flex\">\n<div class=\"wp-block-column is-layout-flow wp-block-column-is-layout-flow\">\n<div class=\"wp-block-columns is-layout-flex wp-container-core-columns-is-layout-12 wp-block-columns-is-layout-flex\">\n<div class=\"wp-block-column is-layout-flow wp-block-column-is-layout-flow\">\n<h3 class=\"wp-block-heading has-palette-2-color has-text-color has-background\" style=\"background-color:#ebecf0\">Ako \u017eelite da Davor Muci\u0107 bude predava\u010d na va\u0161em Univerzitetu, simpoziju ili zdravstvenoj ustanovi, slobodno po\u0161aljite poruku<\/h3>\n\n\n\n<div class=\"wp-block-buttons is-layout-flex wp-block-buttons-is-layout-flex\">\n<div class=\"wp-block-button\"><a class=\"wp-block-button__link wp-element-button\" href=\"https:\/\/davormucic.com\/hr\/contact\/\">kontakt<\/a><\/div>\n<\/div>\n<\/div>\n\n\n\n<div class=\"wp-block-column is-layout-flow wp-block-column-is-layout-flow\"><\/div>\n<\/div>\n<\/div>\n<\/div>\n<\/div><\/div>","protected":false},"excerpt":{"rendered":"<div class=\"entry-summary\">\nHere are some of the online articles and interviews of Dr. Davor Muci\u0107 Article for informational portal &#8220;Volim Zrenjanin&#8221; Davor Muci\u0107 in Zrenjanin introduced new project and CD: &#8220;Gdje nema vrata, caruje&hellip;\n<\/div>\n<div class=\"link-more-container\"><a href=\"https:\/\/davormucic.com\/hr\/press\/online-articles\/\" class=\"link-more\" aria-label=\"Continue reading Online Articles\">Continue reading&hellip;<\/a><\/div>","protected":false},"author":1,"featured_media":1462,"parent":1232,"menu_order":0,"comment_status":"closed","ping_status":"closed","template":"templates\/page-builder.php","meta":{"jetpack_post_was_ever_published":false,"footnotes":""},"class_list":["post-1372","page","type-page","status-publish","has-post-thumbnail","hentry","entry","entry-type-page"],"jetpack_sharing_enabled":true,"_links":{"self":[{"href":"https:\/\/davormucic.com\/hr\/wp-json\/wp\/v2\/pages\/1372","targetHints":{"allow":["GET"]}}],"collection":[{"href":"https:\/\/davormucic.com\/hr\/wp-json\/wp\/v2\/pages"}],"about":[{"href":"https:\/\/davormucic.com\/hr\/wp-json\/wp\/v2\/types\/page"}],"author":[{"embeddable":true,"href":"https:\/\/davormucic.com\/hr\/wp-json\/wp\/v2\/users\/1"}],"replies":[{"embeddable":true,"href":"https:\/\/davormucic.com\/hr\/wp-json\/wp\/v2\/comments?post=1372"}],"version-history":[{"count":57,"href":"https:\/\/davormucic.com\/hr\/wp-json\/wp\/v2\/pages\/1372\/revisions"}],"predecessor-version":[{"id":2189,"href":"https:\/\/davormucic.com\/hr\/wp-json\/wp\/v2\/pages\/1372\/revisions\/2189"}],"up":[{"embeddable":true,"href":"https:\/\/davormucic.com\/hr\/wp-json\/wp\/v2\/pages\/1232"}],"wp:featuredmedia":[{"embeddable":true,"href":"https:\/\/davormucic.com\/hr\/wp-json\/wp\/v2\/media\/1462"}],"wp:attachment":[{"href":"https:\/\/davormucic.com\/hr\/wp-json\/wp\/v2\/media?parent=1372"}],"curies":[{"name":"wp","href":"https:\/\/api.w.org\/{rel}","templated":true}]}}