{"id":16,"date":"2022-05-07T14:02:07","date_gmt":"2022-05-07T14:02:07","guid":{"rendered":"http:\/\/davormucic.com\/?page_id=16"},"modified":"2025-05-11T16:15:44","modified_gmt":"2025-05-11T16:15:44","slug":"home-2","status":"publish","type":"page","link":"https:\/\/davormucic.com\/hr\/","title":{"rendered":"naslovna"},"content":{"rendered":"<div class=\"wp-block-cover is-light is-style-scale-image no-transform has-text-color\" style=\"color:#383e42;padding-top:0px;padding-right:0px;padding-bottom:0px;padding-left:0px\" id=\"home-cover\"><span aria-hidden=\"true\" class=\"wp-block-cover__background has-background-dim-60 has-background-dim\" style=\"background-color:#ebecf0\"><\/span><img loading=\"lazy\" decoding=\"async\" width=\"1280\" height=\"1600\" class=\"wp-block-cover__image-background wp-image-78\" alt=\"calm sea at sunrise with a blurry filter \" src=\"http:\/\/davormucic.com\/wp-content\/uploads\/2022\/05\/Pocetna.jpg\" data-object-fit=\"cover\" srcset=\"https:\/\/davormucic.com\/wp-content\/uploads\/2022\/05\/Pocetna.jpg 1280w, https:\/\/davormucic.com\/wp-content\/uploads\/2022\/05\/Pocetna-240x300.jpg 240w, https:\/\/davormucic.com\/wp-content\/uploads\/2022\/05\/Pocetna-819x1024.jpg 819w, https:\/\/davormucic.com\/wp-content\/uploads\/2022\/05\/Pocetna-768x960.jpg 768w, https:\/\/davormucic.com\/wp-content\/uploads\/2022\/05\/Pocetna-1229x1536.jpg 1229w\" sizes=\"auto, (max-width: 1280px) 100vw, 1280px\" \/><div class=\"wp-block-cover__inner-container is-layout-flow wp-block-cover-is-layout-flow\">\n<h1 class=\"wp-block-heading has-text-align-center\" style=\"font-size:2.3em\"><mark style=\"background-color:rgba(0, 0, 0, 0);color:#1b335d\" class=\"has-inline-color\">Davor Muci\u0107<\/mark><\/h1>\n\n\n\n<h2 class=\"wp-block-heading has-text-align-center is-style-large is-style-plain marg-top-no has-palette-2-color has-text-color has-large-font-size\">je pionir telepsihijatrije u Evropi, sa preko 20 godina klini\u010dkog iskustva u radu \u201cna daljinu\u201c<\/h2>\n<\/div><\/div>\n\n\n\n<div class=\"wp-block-columns is-layout-flex wp-container-core-columns-is-layout-1 wp-block-columns-is-layout-flex\" id=\"three-img\" style=\"padding-top:0px;padding-right:0px;padding-bottom:0px;padding-left:0px\">\n<div class=\"wp-block-column is-layout-flow wp-block-column-is-layout-flow\">\n<figure class=\"wp-block-image size-full home-img\" id=\"left-img\"><img loading=\"lazy\" decoding=\"async\" width=\"1620\" height=\"1571\" src=\"https:\/\/davormucic.com\/wp-content\/uploads\/2025\/05\/5.png\" alt=\"\" class=\"wp-image-2209\" srcset=\"https:\/\/davormucic.com\/wp-content\/uploads\/2025\/05\/5.png 1620w, https:\/\/davormucic.com\/wp-content\/uploads\/2025\/05\/5-300x291.png 300w, https:\/\/davormucic.com\/wp-content\/uploads\/2025\/05\/5-1024x993.png 1024w, https:\/\/davormucic.com\/wp-content\/uploads\/2025\/05\/5-768x745.png 768w, https:\/\/davormucic.com\/wp-content\/uploads\/2025\/05\/5-1536x1490.png 1536w, https:\/\/davormucic.com\/wp-content\/uploads\/2025\/05\/5-12x12.png 12w, https:\/\/davormucic.com\/wp-content\/uploads\/2025\/05\/5-680x659.png 680w\" sizes=\"auto, (max-width: 1620px) 100vw, 1620px\" \/><\/figure>\n<\/div>\n\n\n\n<div class=\"wp-block-column is-layout-flow wp-block-column-is-layout-flow\" id=\"middle-img-parent\">\n<figure class=\"wp-block-image size-full home-img\" id=\"middle-img\"><img loading=\"lazy\" decoding=\"async\" width=\"640\" height=\"605\" src=\"https:\/\/davormucic.com\/wp-content\/uploads\/2022\/06\/psi-letter.png\" alt=\"black Greek psi letter\" class=\"wp-image-1478\" title=\"\" srcset=\"https:\/\/davormucic.com\/wp-content\/uploads\/2022\/06\/psi-letter.png 640w, https:\/\/davormucic.com\/wp-content\/uploads\/2022\/06\/psi-letter-300x284.png 300w, https:\/\/davormucic.com\/wp-content\/uploads\/2022\/06\/psi-letter-13x12.png 13w\" sizes=\"auto, (max-width: 640px) 100vw, 640px\" \/><\/figure>\n<\/div>\n\n\n\n<div class=\"wp-block-column is-layout-flow wp-block-column-is-layout-flow\" id=\"right-img-parent\">\n<figure class=\"wp-block-image size-full home-img\" id=\"right-img\"><img loading=\"lazy\" decoding=\"async\" width=\"640\" height=\"605\" src=\"https:\/\/davormucic.com\/wp-content\/uploads\/2022\/06\/Davor-Mucic-2.jpg\" alt=\"Davor Mucic protrait in turquoise shirt\" class=\"wp-image-1476\" title=\"davor-img\" srcset=\"https:\/\/davormucic.com\/wp-content\/uploads\/2022\/06\/Davor-Mucic-2.jpg 640w, https:\/\/davormucic.com\/wp-content\/uploads\/2022\/06\/Davor-Mucic-2-300x284.jpg 300w, https:\/\/davormucic.com\/wp-content\/uploads\/2022\/06\/Davor-Mucic-2-13x12.jpg 13w\" sizes=\"auto, (max-width: 640px) 100vw, 640px\" \/><\/figure>\n<\/div>\n<\/div>\n\n\n\n<div style=\"height:25vh\" aria-hidden=\"true\" class=\"wp-block-spacer\"><\/div>\n\n\n\n<div class=\"wp-block-cover is-light has-parallax brain-img is-style-scale-image\" style=\"padding-top:30px;padding-right:0px;padding-bottom:30px;padding-left:0px\" id=\"Telepsy-cover\"><span aria-hidden=\"true\" class=\"wp-block-cover__background has-background-dim-20 has-background-dim\"><\/span><div class=\"wp-block-cover__image-background wp-image-513 has-parallax\" style=\"background-position:50% 50%;background-image:url(https:\/\/davormucic.com\/wp-content\/uploads\/2022\/05\/LOGO.png)\"><\/div><div class=\"wp-block-cover__inner-container is-layout-flow wp-block-cover-is-layout-flow\">\n<p class=\"brain-txt has-palette-2-color has-text-color has-large-font-size\">Osim \u0161to je otac \u201cTranskulturalne telepsihijatrije\u201d, tvorac je i prve svjetske me\u0111unarodne telepsihijatrijske slu\u017ebe<\/p>\n<\/div><\/div>\n\n\n\n<div style=\"height:25vh\" aria-hidden=\"true\" class=\"wp-block-spacer\"><\/div>\n\n\n\n<hr class=\"wp-block-separator has-text-color has-palette-2-color has-css-opacity has-palette-2-background-color has-background is-style-wide separator\"\/>\n\n\n\n<div style=\"height:10vh\" aria-hidden=\"true\" class=\"wp-block-spacer\"><\/div>\n\n\n\n<div class=\"wp-block-columns is-layout-flex wp-container-core-columns-is-layout-4 wp-block-columns-is-layout-flex\">\n<div class=\"wp-block-column is-layout-flow wp-block-column-is-layout-flow\">\n<div class=\"wp-block-columns is-layout-flex wp-container-core-columns-is-layout-2 wp-block-columns-is-layout-flex\">\n<div class=\"wp-block-column is-style-no-margin-vertical is-layout-flow wp-block-column-is-layout-flow\">\n<h2 class=\"wp-block-heading has-text-align-center is-style-no-margin-vertical\">Biografska skica<\/h2>\n\n\n\n<div style=\"height:10vh\" aria-hidden=\"true\" class=\"wp-block-spacer\"><\/div>\n<\/div>\n<\/div>\n\n\n\n<div class=\"wp-block-columns is-style-has-padding has-background is-layout-flex wp-container-core-columns-is-layout-3 wp-block-columns-is-layout-flex\" style=\"background-color:#ebecf0\">\n<div class=\"wp-block-column is-layout-flow wp-block-column-is-layout-flow\" style=\"flex-basis:33.33%\"><div class=\"wp-block-image is-resized is-style-default\">\n<figure class=\"aligncenter size-full\"><img loading=\"lazy\" decoding=\"async\" width=\"1710\" height=\"2850\" src=\"https:\/\/davormucic.com\/wp-content\/uploads\/2025\/05\/Your-paragraph-text-17.png\" alt=\"\" class=\"wp-image-2207\" srcset=\"https:\/\/davormucic.com\/wp-content\/uploads\/2025\/05\/Your-paragraph-text-17.png 1710w, https:\/\/davormucic.com\/wp-content\/uploads\/2025\/05\/Your-paragraph-text-17-180x300.png 180w, https:\/\/davormucic.com\/wp-content\/uploads\/2025\/05\/Your-paragraph-text-17-614x1024.png 614w, https:\/\/davormucic.com\/wp-content\/uploads\/2025\/05\/Your-paragraph-text-17-768x1280.png 768w, https:\/\/davormucic.com\/wp-content\/uploads\/2025\/05\/Your-paragraph-text-17-922x1536.png 922w, https:\/\/davormucic.com\/wp-content\/uploads\/2025\/05\/Your-paragraph-text-17-1229x2048.png 1229w, https:\/\/davormucic.com\/wp-content\/uploads\/2025\/05\/Your-paragraph-text-17-7x12.png 7w, https:\/\/davormucic.com\/wp-content\/uploads\/2025\/05\/Your-paragraph-text-17-680x1133.png 680w\" sizes=\"auto, (max-width: 1710px) 100vw, 1710px\" \/><figcaption class=\"wp-element-caption\">Dr Muci\u0107 presenting his book &#8221;Digital Mental Health: The Future is Now&#8217;<\/figcaption><\/figure><\/div><\/div>\n\n\n\n<div class=\"wp-block-column has-palette-2-color has-palette-3-background-color has-text-color has-background is-layout-flow wp-block-column-is-layout-flow\" style=\"flex-basis:66.66%\">\n<p class=\"has-drop-cap has-text-align-justify is-style-default translation-block\">Pionirski projekti iz telepsihijatre pokrenuti u klinici <a rel=\"noreferrer noopener\" href=\"http:\/\/denlilleprins.org\/en\/\" target=\"_blank\">Mali Princ<\/a> u Danskoj, popra\u0107eni brojnim <a rel=\"noreferrer noopener\" href=\"https:\/\/davormucic.com\/hr\/academic-papers\/\">znanstvenim \u010dlancima<\/a>, oblikovali su Davora Muci\u0107a u stru\u010dnjaka koji ima \u0161iroko i duboko razumijevanje i kompetenciju u smislu znanja, vje\u0161tina i iskustva ste\u010denih kroz praksu i obrazovanje u podru\u010dju telepsihijatrije. Ostat \u0107e zapam\u0107en kao tvorac potpuno novog modela u procjeni i tretmanu migranata. \u201cTranskulturalna telepsihijatrija\u201d omogu\u0107uje daljinsko \u201cetni\u010dko podudaranje\u201d i eliminira kori\u0161tenje prevoditelja u klini\u010dkom radu s migrantima koji ne govore jezik zemlje doma\u0107ina.<\/p>\n\n\n\n<div style=\"height:7vh\" aria-hidden=\"true\" class=\"wp-block-spacer\"><\/div>\n\n\n\n<p class=\"has-text-align-justify is-style-default\">The world-renowned promoter of telepsychiatry, Davor Muci\u0107, launched the world\u2019s first, pioneering, international telepsychiatric service, connecting therapists in Sweden with patients in Denmark back in 2005.<\/p>\n\n\n\n<div style=\"height:7vh\" aria-hidden=\"true\" class=\"wp-block-spacer\"><\/div>\n\n\n\n<p class=\"has-text-align-justify\"><a href=\"https:\/\/link.springer.com\/book\/10.1007\/978-3-319-20852-7\"><\/a><a href=\"https:\/\/www.wpanet.org\/_files\/ugd\/842ec8_ffbb5cd0d874414383cffeee34b511ec.pdf\"><\/a><a href=\"https:\/\/www.wpanet.org\/special-members\"><\/a>The combination of clinical and scientific work aimed at improving mental health care for ethnic minorities, ie. asylum seekers, refugees and migrants, resulted in a series of groundbreaking telepsychiatry-related articles alongside the publication of the edited scientific bestseller <a href=\"https:\/\/link.springer.com\/book\/10.1007\/978-3-319-20852-7\" target=\"_blank\" rel=\"noreferrer noopener\">\u201d<strong>e-Mental Health\u201d<\/strong><\/a> (new edition published in 2024 &#8220;<strong><a href=\"https:\/\/link.springer.com\/book\/10.1007\/978-3-031-59936-1?utm_medium=referral&amp;utm_source=google_books&amp;utm_campaign=3_pier05_buy_print&amp;utm_content=en_08082017&amp;srsltid=AfmBOoqEy8Mp-iitDxTGxk1b4pDIOMhysMge_vKt6-9yGmRHn9DiG9yA\" data-type=\"link\" data-id=\"https:\/\/link.springer.com\/book\/10.1007\/978-3-031-59936-1?utm_medium=referral&amp;utm_source=google_books&amp;utm_campaign=3_pier05_buy_print&amp;utm_content=en_08082017&amp;srsltid=AfmBOoqEy8Mp-iitDxTGxk1b4pDIOMhysMge_vKt6-9yGmRHn9DiG9yA\">Digital Mental Health: The Future is Now&#8221;<\/a><\/strong>. Davor Muci\u0107 is awarded the WPA 2020. <strong><a href=\"https:\/\/www.wpanet.org\/special-members\" target=\"_blank\" rel=\"noreferrer noopener\">Honorary Member Award<\/a><\/strong> and is the first Ph.D. in telepsychiatry in Europe.<\/p>\n\n\n\n<div style=\"height:10vh\" aria-hidden=\"true\" class=\"wp-block-spacer\"><\/div>\n\n\n\n<hr class=\"wp-block-separator has-alpha-channel-opacity\"\/>\n\n\n\n<p><a id=\"_msocom_1\"><\/a><\/p>\n<\/div>\n<\/div>\n<\/div>\n<\/div>\n\n\n\n<div style=\"height:25vh\" aria-hidden=\"true\" class=\"wp-block-spacer\"><\/div>\n\n\n\n<hr class=\"wp-block-separator has-css-opacity is-style-wide\"\/>\n\n\n\n<div style=\"height:10vh\" aria-hidden=\"true\" class=\"wp-block-spacer\"><\/div>\n\n\n\n<h2 class=\"wp-block-heading has-text-align-center\">Digital Mental Health: The Future is Now<\/h2>\n\n\n\n<div style=\"height:10vh\" aria-hidden=\"true\" class=\"wp-block-spacer\"><\/div>\n\n\n\n<div class=\"wp-block-columns is-layout-flex wp-container-core-columns-is-layout-8 wp-block-columns-is-layout-flex\">\n<div class=\"wp-block-column is-layout-flow wp-block-column-is-layout-flow\" id=\"cover-no-bmargin\">\n<div class=\"wp-block-cover has-parallax is-style-scale-image has-palette-3-color has-text-color\" style=\"padding-top:60px;padding-right:0px;padding-bottom:60px;padding-left:0px\" id=\"book-img\"><span aria-hidden=\"true\" class=\"wp-block-cover__background has-background-dim-10 has-background-dim\" style=\"background-color:#515894\"><\/span><div class=\"wp-block-cover__image-background wp-image-2199 has-parallax\" style=\"background-position:50% 50%;background-image:url(https:\/\/davormucic.com\/wp-content\/uploads\/2025\/05\/Untitled-design-1.jpg)\"><\/div><div class=\"wp-block-cover__inner-container is-layout-flow wp-block-cover-is-layout-flow\">\n<div class=\"wp-block-columns is-layout-flex wp-container-core-columns-is-layout-6 wp-block-columns-is-layout-flex\" id=\"book-columns\">\n<div class=\"wp-block-column is-layout-flow wp-block-column-is-layout-flow\" style=\"flex-basis:50%\">\n<div class=\"wp-block-columns is-layout-flex wp-container-core-columns-is-layout-5 wp-block-columns-is-layout-flex\">\n<div class=\"wp-block-column is-vertically-aligned-center is-style-alignleft is-layout-flow wp-block-column-is-layout-flow\" style=\"flex-basis:20vw\">\n<h3 class=\"wp-block-heading has-palette-2-color has-palette-3-background-color has-text-color has-background\">Ovde mo\u017eete kupiti knjigu<\/h3>\n<\/div>\n<\/div>\n<\/div>\n\n\n\n<div class=\"wp-block-column is-vertically-aligned-center is-style-alignright is-layout-flow wp-block-column-is-layout-flow\" style=\"flex-basis:30%\"><div class=\"alignwide-wrap\" data-block=\"buttons\">\n<div class=\"wp-block-buttons alignwide is-content-justification-right is-layout-flex wp-container-core-buttons-is-layout-1 wp-block-buttons-is-layout-flex\"><\/div>\n<\/div>\n\n\n<div class=\"wp-block-buttons is-content-justification-right is-layout-flex wp-container-core-buttons-is-layout-2 wp-block-buttons-is-layout-flex\">\n<div class=\"wp-block-button has-custom-width wp-block-button__width-50 is-style-outline is-style-outline--1\"><a class=\"wp-block-button__link has-palette-2-color has-text-color has-background wp-element-button\" href=\"https:\/\/link.springer.com\/book\/10.1007\/978-3-031-59936-1?utm_medium=referral&amp;utm_source=google_books&amp;utm_campaign=3_pier05_buy_print&amp;utm_content=en_08082017&amp;srsltid=AfmBOoqEy8Mp-iitDxTGxk1b4pDIOMhysMge_vKt6-9yGmRHn9DiG9yA\" style=\"background-color:#ebecf0\" target=\"_blank\" rel=\"noreferrer noopener\">kupi<\/a><\/div>\n<\/div>\n\n\n\n<div class=\"wp-block-buttons is-content-justification-right is-layout-flex wp-container-core-buttons-is-layout-3 wp-block-buttons-is-layout-flex\"><\/div>\n\n\n<div class=\"alignwide-wrap\" data-block=\"buttons\">\n<div class=\"wp-block-buttons alignwide is-content-justification-right is-layout-flex wp-container-core-buttons-is-layout-4 wp-block-buttons-is-layout-flex\"><\/div>\n<\/div><\/div>\n<\/div>\n<\/div><\/div>\n\n\n\n<div class=\"wp-block-columns is-layout-flex wp-container-core-columns-is-layout-7 wp-block-columns-is-layout-flex\">\n<div class=\"wp-block-column is-style-default is-layout-flow wp-block-column-is-layout-flow\"><\/div>\n<\/div>\n<\/div>\n<\/div>\n\n\n\n<div style=\"height:25vh\" aria-hidden=\"true\" class=\"wp-block-spacer\"><\/div>\n\n\n\n<hr class=\"wp-block-separator has-alpha-channel-opacity is-style-wide\"\/>\n\n\n\n<div style=\"height:10vh\" aria-hidden=\"true\" class=\"wp-block-spacer\"><\/div>\n\n\n\n<h2 class=\"wp-block-heading has-text-align-center\">Obuke i edukacija<\/h2>\n\n\n\n<div style=\"height:10vh\" aria-hidden=\"true\" class=\"wp-block-spacer\"><\/div>\n\n\n\n<div class=\"wp-block-columns is-layout-flex wp-container-core-columns-is-layout-11 wp-block-columns-is-layout-flex\">\n<div class=\"wp-block-column is-layout-flow wp-block-column-is-layout-flow\" style=\"flex-basis:100%\">\n<div class=\"wp-block-columns is-layout-flex wp-container-core-columns-is-layout-10 wp-block-columns-is-layout-flex\">\n<div class=\"wp-block-column has-background is-layout-flow wp-block-column-is-layout-flow\" style=\"background-color:#eff1fd;padding-top:8vh;padding-right:8vh;padding-bottom:8vh;padding-left:8vh\">\n<div class=\"wp-block-columns is-layout-flex wp-container-core-columns-is-layout-9 wp-block-columns-is-layout-flex\">\n<div class=\"wp-block-column has-palette-3-background-color has-background is-layout-flow wp-block-column-is-layout-flow\">\n<h3 class=\"wp-block-heading has-text-align-center has-palette-2-color has-text-color\">DM provodi obuku i edukaciju za medicinsko osoblje o osnovama telepsihijatrije, odabiru opreme i konzultacijama na daljinu.<\/h3>\n\n\n\n<div class=\"wp-block-buttons is-content-justification-center is-layout-flex wp-container-core-buttons-is-layout-5 wp-block-buttons-is-layout-flex\">\n<div class=\"wp-block-button is-style-outline is-style-outline--2\"><a class=\"wp-block-button__link has-palette-2-color has-text-color has-background wp-element-button\" href=\"https:\/\/davormucic.com\/hr\/contact\/\" style=\"background-color:#ebecf0\">kontakt<\/a><\/div>\n<\/div>\n<\/div>\n<\/div>\n<\/div>\n<\/div>\n<\/div>\n<\/div>\n\n\n\n<div class=\"wp-block-cover is-light is-style-default\"><span aria-hidden=\"true\" class=\"wp-block-cover__background has-background-dim-0 has-background-dim\"><\/span><img loading=\"lazy\" decoding=\"async\" width=\"1920\" height=\"1280\" class=\"wp-block-cover__image-background wp-image-207\" alt=\"Copenhagen skyline with the canal on a sunny day \" src=\"http:\/\/davormucic.com\/wp-content\/uploads\/2022\/05\/copenhagen-skyline.jpg\" style=\"object-position:52% 73%\" data-object-fit=\"cover\" data-object-position=\"52% 73%\" srcset=\"https:\/\/davormucic.com\/wp-content\/uploads\/2022\/05\/copenhagen-skyline.jpg 1920w, https:\/\/davormucic.com\/wp-content\/uploads\/2022\/05\/copenhagen-skyline-300x200.jpg 300w, https:\/\/davormucic.com\/wp-content\/uploads\/2022\/05\/copenhagen-skyline-1024x683.jpg 1024w, https:\/\/davormucic.com\/wp-content\/uploads\/2022\/05\/copenhagen-skyline-768x512.jpg 768w, https:\/\/davormucic.com\/wp-content\/uploads\/2022\/05\/copenhagen-skyline-1536x1024.jpg 1536w, https:\/\/davormucic.com\/wp-content\/uploads\/2022\/05\/copenhagen-skyline-680x453.jpg 680w\" sizes=\"auto, (max-width: 1920px) 100vw, 1920px\" \/><div class=\"wp-block-cover__inner-container is-layout-flow wp-block-cover-is-layout-flow\">\n<div class=\"wp-block-columns is-style-no-gaps is-layout-flex wp-container-core-columns-is-layout-12 wp-block-columns-is-layout-flex\">\n<div class=\"wp-block-column is-layout-flow wp-block-column-is-layout-flow\" style=\"flex-basis:50%\">\n<h3 class=\"wp-block-heading has-palette-2-color has-text-color has-background\" style=\"background-color:#ebecf0\">Ako \u017eelite da Davor Muci\u0107 bude predava\u010d na va\u0161em Univerzitetu, simpoziju ili zdravstvenoj ustanovi, slobodno po\u0161aljite poruku<\/h3>\n\n\n\n<div class=\"wp-block-buttons is-layout-flex wp-block-buttons-is-layout-flex\">\n<div class=\"wp-block-button is-style-outline is-style-outline--3\"><a class=\"wp-block-button__link has-palette-2-color has-text-color has-background wp-element-button\" href=\"https:\/\/davormucic.com\/hr\/contact\/\" style=\"background-color:#ebecf0\">kontakt<\/a><\/div>\n<\/div>\n\n\n\n<p><\/p>\n<\/div>\n<\/div>\n<\/div><\/div>","protected":false},"excerpt":{"rendered":"<div class=\"entry-summary\">\nBiosketch Pioneering telepsychiatry projects launched in&nbsp;Little Prince Treatment Center&nbsp;in Denmark, accompanied by numerous&nbsp;scientific articles, have formed Davor Muci\u0107 into an expert who has a broad and deep understanding and competence in terms&hellip;\n<\/div>\n<div class=\"link-more-container\"><a href=\"https:\/\/davormucic.com\/hr\/\" class=\"link-more\" aria-label=\"Continue reading home\">Continue reading&hellip;<\/a><\/div>","protected":false},"author":1,"featured_media":1476,"parent":0,"menu_order":0,"comment_status":"closed","ping_status":"closed","template":"templates\/page-builder.php","meta":{"jetpack_post_was_ever_published":false,"footnotes":""},"class_list":["post-16","page","type-page","status-publish","has-post-thumbnail","hentry","entry","entry-type-page"],"jetpack_sharing_enabled":true,"_links":{"self":[{"href":"https:\/\/davormucic.com\/hr\/wp-json\/wp\/v2\/pages\/16","targetHints":{"allow":["GET"]}}],"collection":[{"href":"https:\/\/davormucic.com\/hr\/wp-json\/wp\/v2\/pages"}],"about":[{"href":"https:\/\/davormucic.com\/hr\/wp-json\/wp\/v2\/types\/page"}],"author":[{"embeddable":true,"href":"https:\/\/davormucic.com\/hr\/wp-json\/wp\/v2\/users\/1"}],"replies":[{"embeddable":true,"href":"https:\/\/davormucic.com\/hr\/wp-json\/wp\/v2\/comments?post=16"}],"version-history":[{"count":340,"href":"https:\/\/davormucic.com\/hr\/wp-json\/wp\/v2\/pages\/16\/revisions"}],"predecessor-version":[{"id":2210,"href":"https:\/\/davormucic.com\/hr\/wp-json\/wp\/v2\/pages\/16\/revisions\/2210"}],"wp:featuredmedia":[{"embeddable":true,"href":"https:\/\/davormucic.com\/hr\/wp-json\/wp\/v2\/media\/1476"}],"wp:attachment":[{"href":"https:\/\/davormucic.com\/hr\/wp-json\/wp\/v2\/media?parent=16"}],"curies":[{"name":"wp","href":"https:\/\/api.w.org\/{rel}","templated":true}]}}