{"id":2219,"date":"2025-12-07T17:44:38","date_gmt":"2025-12-07T17:44:38","guid":{"rendered":"https:\/\/davormucic.com\/?page_id=2219"},"modified":"2026-04-16T20:12:26","modified_gmt":"2026-04-16T20:12:26","slug":"projekat-aysha","status":"publish","type":"page","link":"https:\/\/davormucic.com\/hr\/projekat-aysha\/","title":{"rendered":"Projekat AYSHA"},"content":{"rendered":"<div class=\"wp-block-cover aligncenter is-style-scale-image no-transform wp-duotone-383e42-ffffff-1\" style=\"padding-right:0;padding-left:0;min-height:25vh;aspect-ratio:unset;\" id=\"cover-bckgrnd\"><span aria-hidden=\"true\" class=\"wp-block-cover__background has-black-background-color has-background-dim-10 has-background-dim\"><\/span><img loading=\"lazy\" decoding=\"async\" width=\"3750\" height=\"1969\" class=\"wp-block-cover__image-background wp-image-2254\" alt=\"\" src=\"https:\/\/davormucic.com\/wp-content\/uploads\/2025\/12\/Mentalna-higijena-trag-u-kamenu-a-ne-u-pijesku-12.png\" style=\"object-position:52% 49%\" data-object-fit=\"cover\" data-object-position=\"52% 49%\" srcset=\"https:\/\/davormucic.com\/wp-content\/uploads\/2025\/12\/Mentalna-higijena-trag-u-kamenu-a-ne-u-pijesku-12.png 3750w, https:\/\/davormucic.com\/wp-content\/uploads\/2025\/12\/Mentalna-higijena-trag-u-kamenu-a-ne-u-pijesku-12-300x158.png 300w, https:\/\/davormucic.com\/wp-content\/uploads\/2025\/12\/Mentalna-higijena-trag-u-kamenu-a-ne-u-pijesku-12-1024x538.png 1024w, https:\/\/davormucic.com\/wp-content\/uploads\/2025\/12\/Mentalna-higijena-trag-u-kamenu-a-ne-u-pijesku-12-768x403.png 768w, https:\/\/davormucic.com\/wp-content\/uploads\/2025\/12\/Mentalna-higijena-trag-u-kamenu-a-ne-u-pijesku-12-1536x807.png 1536w, https:\/\/davormucic.com\/wp-content\/uploads\/2025\/12\/Mentalna-higijena-trag-u-kamenu-a-ne-u-pijesku-12-2048x1075.png 2048w, https:\/\/davormucic.com\/wp-content\/uploads\/2025\/12\/Mentalna-higijena-trag-u-kamenu-a-ne-u-pijesku-12-18x9.png 18w, https:\/\/davormucic.com\/wp-content\/uploads\/2025\/12\/Mentalna-higijena-trag-u-kamenu-a-ne-u-pijesku-12-680x357.png 680w\" sizes=\"auto, (max-width: 3750px) 100vw, 3750px\" \/><div class=\"wp-block-cover__inner-container is-layout-flow wp-block-cover-is-layout-flow\">\n<h1 class=\"wp-block-heading has-text-align-center has-palette-3-background-color has-text-color has-background\" id=\"hero-title\" style=\"color:#124a9e;font-size:1.4em\"><strong>AYSHA <\/strong><br>(Awareness for Youth and Survivors of Harm and Abuse)<\/h1>\n<\/div><\/div>\n\n\n\n<div class=\"wp-block-columns has-background is-layout-flex wp-container-core-columns-is-layout-4 wp-block-columns-is-layout-flex\" style=\"background-color:#f5ede3\">\n<div class=\"wp-block-column is-layout-flow wp-block-column-is-layout-flow\">\n<div class=\"wp-block-columns is-layout-flex wp-container-core-columns-is-layout-3 wp-block-columns-is-layout-flex\">\n<div class=\"wp-block-column has-palette-3-background-color has-background is-layout-flow wp-block-column-is-layout-flow\" id=\"author-article\">\n<p class=\"has-text-align-center\"><\/p>\n\n\n\n<div class=\"wp-block-columns is-layout-flex wp-container-core-columns-is-layout-1 wp-block-columns-is-layout-flex\">\n<div class=\"wp-block-column is-layout-flow wp-block-column-is-layout-flow\" style=\"padding-top:30px;padding-right:30px;padding-bottom:0px;padding-left:30px\">\n<p class=\"has-drop-cap has-text-align-justify is-style-default has-palette-2-color has-text-color\"><strong>CILJ PROJEKTA je potaknuti dijalog, ja\u010dati prevenciju i pru\u017eiti podr\u0161ku kroz suradnju nauke i umjetnosti kao sredstava dru\u0161tvene promjene.&nbsp;<\/strong><\/p>\n\n\n\n<p class=\"has-text-align-justify has-palette-2-color has-text-color\">Osim glazbe, projekt uklju\u010duje i javne panele s umjetnicima, psihijatrima, psiholozima i \u017ertvama nasilja. Dodatno, u sklopu inicijative pokre\u0107e se i pilot-projekt \u201c<strong>Telepsihijatrija u sigurnim ku\u0107ama\u201d<\/strong>, s ciljem pru\u017eanja hitne psihijatrijske pomo\u0107i \u017ertvama tijekom njihova boravka u sigurnim ku\u0107ama.<\/p>\n\n\n\n<p><\/p>\n\n\n\n<p class=\"has-text-align-justify has-text-color has-large-font-size\" style=\"color:#e2843e\"><\/p>\n<\/div>\n\n\n\n<div class=\"wp-block-column is-layout-flow wp-block-column-is-layout-flow\" style=\"padding-top:30px;padding-right:0px;padding-bottom:0px;padding-left:0px\"><div class=\"wp-block-image is-resized\">\n<figure class=\"aligncenter size-full\"><img loading=\"lazy\" decoding=\"async\" width=\"1080\" height=\"1920\" src=\"https:\/\/davormucic.com\/wp-content\/uploads\/2025\/12\/story-of-N1-HR-intervju.png\" alt=\"\" class=\"wp-image-2241\" srcset=\"https:\/\/davormucic.com\/wp-content\/uploads\/2025\/12\/story-of-N1-HR-intervju.png 1080w, https:\/\/davormucic.com\/wp-content\/uploads\/2025\/12\/story-of-N1-HR-intervju-169x300.png 169w, https:\/\/davormucic.com\/wp-content\/uploads\/2025\/12\/story-of-N1-HR-intervju-576x1024.png 576w, https:\/\/davormucic.com\/wp-content\/uploads\/2025\/12\/story-of-N1-HR-intervju-768x1365.png 768w, https:\/\/davormucic.com\/wp-content\/uploads\/2025\/12\/story-of-N1-HR-intervju-864x1536.png 864w, https:\/\/davormucic.com\/wp-content\/uploads\/2025\/12\/story-of-N1-HR-intervju-7x12.png 7w, https:\/\/davormucic.com\/wp-content\/uploads\/2025\/12\/story-of-N1-HR-intervju-680x1209.png 680w\" sizes=\"auto, (max-width: 1080px) 100vw, 1080px\" \/><\/figure><\/div><\/div>\n<\/div>\n\n\n\n<div class=\"wp-block-columns is-layout-flex wp-container-core-columns-is-layout-2 wp-block-columns-is-layout-flex\">\n<div class=\"wp-block-column color-link has-palette-2-color has-text-color is-layout-flow wp-block-column-is-layout-flow\" style=\"padding-top:0px;padding-right:30px;padding-bottom:30px;padding-left:30px\">\n<h2 class=\"wp-block-heading has-large-font-size\"><strong>KOMPONENTE PROJEKTA<\/strong><\/h2>\n\n\n\n<figure class=\"wp-block-image size-large\"><img loading=\"lazy\" decoding=\"async\" width=\"1024\" height=\"538\" src=\"https:\/\/davormucic.com\/wp-content\/uploads\/2025\/12\/Mentalna-higijena-trag-u-kamenu-a-ne-u-pijesku-7-2-1024x538.png\" alt=\"\" class=\"wp-image-2251\" srcset=\"https:\/\/davormucic.com\/wp-content\/uploads\/2025\/12\/Mentalna-higijena-trag-u-kamenu-a-ne-u-pijesku-7-2-1024x538.png 1024w, https:\/\/davormucic.com\/wp-content\/uploads\/2025\/12\/Mentalna-higijena-trag-u-kamenu-a-ne-u-pijesku-7-2-300x158.png 300w, https:\/\/davormucic.com\/wp-content\/uploads\/2025\/12\/Mentalna-higijena-trag-u-kamenu-a-ne-u-pijesku-7-2-768x403.png 768w, https:\/\/davormucic.com\/wp-content\/uploads\/2025\/12\/Mentalna-higijena-trag-u-kamenu-a-ne-u-pijesku-7-2-18x9.png 18w, https:\/\/davormucic.com\/wp-content\/uploads\/2025\/12\/Mentalna-higijena-trag-u-kamenu-a-ne-u-pijesku-7-2-680x357.png 680w, https:\/\/davormucic.com\/wp-content\/uploads\/2025\/12\/Mentalna-higijena-trag-u-kamenu-a-ne-u-pijesku-7-2.png 1200w\" sizes=\"auto, (max-width: 1024px) 100vw, 1024px\" \/><\/figure>\n\n\n\n<p class=\"has-text-align-justify has-normal-font-size\"><strong>UMJETNI\u010cKA KAMPANJA<\/strong> <br>\ud83d\udd38 Produkcija 10 originalnih pjesama inspirisanih stvarnim pri\u010dama pacijenata<br>\ud83d\udd38 Solidarna himna (<strong>&#8220;Lijepa Aj\u0161a&#8221;<\/strong>) sa vode\u0107im regionalnim umetnicima, posve\u0107ena \u017eenama \u017ertvama nasilja<br>\ud83d\udd38 Muzika kao terapeutski i komunikativni most izme\u0111u \u017ertava, profesionalaca i javnosti<br>\ud83d\udd38 Teatar i film kao sredstvo za destigmatizaciju i promociju mentalne higijene<\/p>\n\n\n\n<p class=\"has-text-align-justify has-normal-font-size\"><strong>JAVNI FORUMI I PANELI<\/strong><br>\ud83d\udd38 Panel diskusije sa \u017ertvama nasilja, psihijatrima, psiholozima i umjetnicima<br>\ud83d\udd38 Teme: oporavak od traume, dru\u0161tveno negiranje i odgovornost zajednice<\/p>\n\n\n\n<p class=\"has-text-align-justify has-normal-font-size\"><strong>TELEPSIHIJATRIJA U SIGURNIM KU\u0106AMA<\/strong><br>\ud83d\udd38 Pokretanje pilot programa za pru\u017eanje psihijatrijske pomo\u0107i \u017eenama u skloni\u0161tima (sigurnim ku\u0107ama)<br>\ud83d\udd38 Daljinske konsultacije (telepsihijatrija) sa ciljem pru\u017eanja hitne mentalne zdravstvene njege<\/p>\n\n\n\n<p class=\"has-text-align-justify\"><br>Pozivamo vas da se priklju\u010dite \u2013 kroz podr\u0161ku, partnerstvo ili zajedni\u010dke aktivnosti \u2013 kako bismo zajedno gradili dru\u0161tvo nenasilja i suosje\u0107anja<br><\/p>\n\n\n\n<figure class=\"wp-block-image size-large is-resized is-style-default\"><img loading=\"lazy\" decoding=\"async\" width=\"1024\" height=\"538\" src=\"https:\/\/davormucic.com\/wp-content\/uploads\/2025\/12\/Mentalna-higijena-trag-u-kamenu-a-ne-u-pijesku-8-1-1024x538.png\" alt=\"\" class=\"wp-image-2243\" style=\"aspect-ratio:1.7777777777777777;object-fit:cover;width:720px;height:auto\" srcset=\"https:\/\/davormucic.com\/wp-content\/uploads\/2025\/12\/Mentalna-higijena-trag-u-kamenu-a-ne-u-pijesku-8-1-1024x538.png 1024w, https:\/\/davormucic.com\/wp-content\/uploads\/2025\/12\/Mentalna-higijena-trag-u-kamenu-a-ne-u-pijesku-8-1-300x158.png 300w, https:\/\/davormucic.com\/wp-content\/uploads\/2025\/12\/Mentalna-higijena-trag-u-kamenu-a-ne-u-pijesku-8-1-768x403.png 768w, https:\/\/davormucic.com\/wp-content\/uploads\/2025\/12\/Mentalna-higijena-trag-u-kamenu-a-ne-u-pijesku-8-1-18x9.png 18w, https:\/\/davormucic.com\/wp-content\/uploads\/2025\/12\/Mentalna-higijena-trag-u-kamenu-a-ne-u-pijesku-8-1-680x357.png 680w, https:\/\/davormucic.com\/wp-content\/uploads\/2025\/12\/Mentalna-higijena-trag-u-kamenu-a-ne-u-pijesku-8-1.png 1200w\" sizes=\"auto, (max-width: 1024px) 100vw, 1024px\" \/><\/figure>\n\n\n\n<p class=\"has-text-align-justify has-text-color has-link-color wp-elements-7405546ab32d8b5e4e2a40338d4a65ef\" style=\"color:#e97a26\"><strong>Pjesme su inspirirane stvarnim pri\u010dama pacijenata i progovaraju o traumi, stigmi i snazi pre\u017eivjelih. No ovo nije moj prvi me\u0111unarodni projekat koji se bavi \u017ertvama nasilja: u projektu &#8220;Mali Princ&#8221; s po\u010detka posve\u0107enom djeci bez roditelja \u2013 \u017ertvama rata, sudjelovalo je&nbsp; preko 100 umjetnika iz cijelog svijeta.<\/strong><\/p>\n\n\n\n<p>U projektu AYSHA posebno isti\u010demo himnu solidarnosti \u201dLijepa Aj\u0161a\u201d, posve\u0107enu \u017eenama \u017ertvama nasilja, s univerzalnom porukom o boli i hrabrosti.<br>Na realizaciji pjesme sudjeluju istaknuti umjetnici iz cijele regije.<\/p>\n\n\n\n<figure class=\"wp-block-image size-large\"><img loading=\"lazy\" decoding=\"async\" width=\"1024\" height=\"538\" src=\"https:\/\/davormucic.com\/wp-content\/uploads\/2025\/12\/Mentalna-higijena-trag-u-kamenu-a-ne-u-pijesku-10-1-1024x538.png\" alt=\"\" class=\"wp-image-2245\" srcset=\"https:\/\/davormucic.com\/wp-content\/uploads\/2025\/12\/Mentalna-higijena-trag-u-kamenu-a-ne-u-pijesku-10-1-1024x538.png 1024w, https:\/\/davormucic.com\/wp-content\/uploads\/2025\/12\/Mentalna-higijena-trag-u-kamenu-a-ne-u-pijesku-10-1-300x158.png 300w, https:\/\/davormucic.com\/wp-content\/uploads\/2025\/12\/Mentalna-higijena-trag-u-kamenu-a-ne-u-pijesku-10-1-768x403.png 768w, https:\/\/davormucic.com\/wp-content\/uploads\/2025\/12\/Mentalna-higijena-trag-u-kamenu-a-ne-u-pijesku-10-1-1536x807.png 1536w, https:\/\/davormucic.com\/wp-content\/uploads\/2025\/12\/Mentalna-higijena-trag-u-kamenu-a-ne-u-pijesku-10-1-2048x1075.png 2048w, https:\/\/davormucic.com\/wp-content\/uploads\/2025\/12\/Mentalna-higijena-trag-u-kamenu-a-ne-u-pijesku-10-1-18x9.png 18w, https:\/\/davormucic.com\/wp-content\/uploads\/2025\/12\/Mentalna-higijena-trag-u-kamenu-a-ne-u-pijesku-10-1-680x357.png 680w\" sizes=\"auto, (max-width: 1024px) 100vw, 1024px\" \/><\/figure>\n\n\n\n<p><strong>SPISAK SUDIONIKA U PJESMI LIJEPA AJ\u0160A, HIMNI PROJEKTA:<\/strong><\/p>\n\n\n\n<p class=\"has-text-align-justify\">Vokali: Dado Topi\u0107, Vlado Kalember, Dejan Cuki\u0107, Knez, Bojana Stamenov, Sejo Sexon (Zabranjeno Pu\u0161enje), Sr\u0111an Jev\u0111evi\u0107 (Kultur Shock), Dragan Risti\u0107 Kal, Tina Vukov, Nu\u0161a Derenda, Ana Petanovska, Nermin Pu\u0161kar, Jura Pa\u0111en, klapa Trogir i \u017eenski vokalni ansambl Corona.<br>Harmonika: Aca Sofronijevi\u0107. Klavir: Ivan Aleksijevi\u0107. Gitara: Duda Bezduha, Vlatko Stefanovski. Tambura: Zvonimir Tonkovi\u0107. Bas: Mi\u0161a Tri\u010dkovi\u0107 Tri\u010dko. Bubnjevi: Pera Radmilovi\u0107. Snimano u Ljubljani, Rijeci, Zagrebu, Splitu, Oto\u010dcu, Sarajevu, Beogradu, Pan\u010devu, Jagodini, Skoplju i Temi\u0161varu.<\/p>\n\n\n\n<p>Gosti na albumu: Beti \u0110or\u0111evi\u0107 i Miro Ungar<\/p>\n\n\n\n<p class=\"has-text-align-justify\"><\/p>\n\n\n\n<h3 class=\"wp-block-heading has-text-align-center has-palette-2-color has-text-color has-normal-font-size\"><\/h3>\n\n\n\n<div style=\"height:10vh\" aria-hidden=\"true\" class=\"wp-block-spacer\"><\/div>\n\n\n\n<h3 class=\"wp-block-heading has-text-align-center\"><\/h3>\n\n\n\n<div style=\"height:10vh\" aria-hidden=\"true\" class=\"wp-block-spacer\"><\/div>\n\n\n\n<h4 class=\"wp-block-heading has-text-align-center\"><\/h4>\n<\/div>\n<\/div>\n<\/div>\n<\/div>\n<\/div>\n<\/div>\n\n\n\n<div class=\"wp-block-cover is-light is-style-default\"><span aria-hidden=\"true\" class=\"wp-block-cover__background has-background-dim-0 has-background-dim\" style=\"background-color:#a09186\"><\/span><img loading=\"lazy\" decoding=\"async\" width=\"3750\" height=\"1969\" class=\"wp-block-cover__image-background wp-image-2244\" alt=\"\" src=\"https:\/\/davormucic.com\/wp-content\/uploads\/2025\/12\/Mentalna-higijena-trag-u-kamenu-a-ne-u-pijesku-10.png\" data-object-fit=\"cover\" srcset=\"https:\/\/davormucic.com\/wp-content\/uploads\/2025\/12\/Mentalna-higijena-trag-u-kamenu-a-ne-u-pijesku-10.png 3750w, https:\/\/davormucic.com\/wp-content\/uploads\/2025\/12\/Mentalna-higijena-trag-u-kamenu-a-ne-u-pijesku-10-300x158.png 300w, https:\/\/davormucic.com\/wp-content\/uploads\/2025\/12\/Mentalna-higijena-trag-u-kamenu-a-ne-u-pijesku-10-1024x538.png 1024w, https:\/\/davormucic.com\/wp-content\/uploads\/2025\/12\/Mentalna-higijena-trag-u-kamenu-a-ne-u-pijesku-10-768x403.png 768w, https:\/\/davormucic.com\/wp-content\/uploads\/2025\/12\/Mentalna-higijena-trag-u-kamenu-a-ne-u-pijesku-10-1536x807.png 1536w, https:\/\/davormucic.com\/wp-content\/uploads\/2025\/12\/Mentalna-higijena-trag-u-kamenu-a-ne-u-pijesku-10-2048x1075.png 2048w, https:\/\/davormucic.com\/wp-content\/uploads\/2025\/12\/Mentalna-higijena-trag-u-kamenu-a-ne-u-pijesku-10-18x9.png 18w, https:\/\/davormucic.com\/wp-content\/uploads\/2025\/12\/Mentalna-higijena-trag-u-kamenu-a-ne-u-pijesku-10-680x357.png 680w\" sizes=\"auto, (max-width: 3750px) 100vw, 3750px\" \/><div class=\"wp-block-cover__inner-container is-layout-flow wp-block-cover-is-layout-flow\">\n<div class=\"wp-block-columns is-layout-flex wp-container-core-columns-is-layout-6 wp-block-columns-is-layout-flex\">\n<div class=\"wp-block-column is-layout-flow wp-block-column-is-layout-flow\" style=\"flex-basis:50%\">\n<div class=\"wp-block-columns is-layout-flex wp-container-core-columns-is-layout-5 wp-block-columns-is-layout-flex\">\n<div class=\"wp-block-column has-palette-2-color has-text-color has-background is-layout-flow wp-block-column-is-layout-flow\" style=\"background-color:#ebecf0;flex-basis:100%\">\n<h3 class=\"wp-block-heading has-normal-font-size\">Instagram: doktor.davor<\/h3>\n\n\n\n<p>Facebook: davormucic-maliprinc<\/p>\n\n\n\n<p><a href=\"https:\/\/www.youtube.com\/@davormucicmaliprinc\/featured\" data-type=\"link\" data-id=\"https:\/\/www.youtube.com\/@davormucicmaliprinc\/featured\">youtube: davormucicmaliprinc<\/a><\/p>\n<\/div>\n<\/div>\n\n\n\n<div class=\"wp-block-buttons is-layout-flex wp-block-buttons-is-layout-flex\">\n<div class=\"wp-block-button is-style-outline is-style-outline--2\"><a class=\"wp-block-button__link has-palette-2-color has-text-color has-background wp-element-button\" href=\"https:\/\/davormucic.com\/hr\/contact\/\" style=\"background-color:#ebecf0\">kontakt<\/a><\/div>\n<\/div>\n<\/div>\n\n\n\n<div class=\"wp-block-column is-layout-flow wp-block-column-is-layout-flow\" style=\"flex-basis:50%\"><\/div>\n<\/div>\n<\/div><\/div>\n\n\n\n<p><\/p>","protected":false},"excerpt":{"rendered":"<div class=\"entry-summary\">\nCILJ PROJEKTA je potaknuti dijalog, ja\u010dati prevenciju i pru\u017eiti podr\u0161ku kroz suradnju nauke i umjetnosti kao sredstava dru\u0161tvene promjene.&nbsp; Osim glazbe, projekt uklju\u010duje i javne panele s umjetnicima, psihijatrima, psiholozima i \u017ertvama&hellip;\n<\/div>\n<div class=\"link-more-container\"><a href=\"https:\/\/davormucic.com\/hr\/projekat-aysha\/\" class=\"link-more\" aria-label=\"Continue reading Projekat AYSHA\">Continue reading&hellip;<\/a><\/div>","protected":false},"author":2,"featured_media":0,"parent":0,"menu_order":0,"comment_status":"closed","ping_status":"closed","template":"","meta":{"jetpack_post_was_ever_published":false,"footnotes":""},"class_list":["post-2219","page","type-page","status-publish","hentry","entry","entry-type-page"],"jetpack_sharing_enabled":true,"_links":{"self":[{"href":"https:\/\/davormucic.com\/hr\/wp-json\/wp\/v2\/pages\/2219","targetHints":{"allow":["GET"]}}],"collection":[{"href":"https:\/\/davormucic.com\/hr\/wp-json\/wp\/v2\/pages"}],"about":[{"href":"https:\/\/davormucic.com\/hr\/wp-json\/wp\/v2\/types\/page"}],"author":[{"embeddable":true,"href":"https:\/\/davormucic.com\/hr\/wp-json\/wp\/v2\/users\/2"}],"replies":[{"embeddable":true,"href":"https:\/\/davormucic.com\/hr\/wp-json\/wp\/v2\/comments?post=2219"}],"version-history":[{"count":22,"href":"https:\/\/davormucic.com\/hr\/wp-json\/wp\/v2\/pages\/2219\/revisions"}],"predecessor-version":[{"id":2261,"href":"https:\/\/davormucic.com\/hr\/wp-json\/wp\/v2\/pages\/2219\/revisions\/2261"}],"wp:attachment":[{"href":"https:\/\/davormucic.com\/hr\/wp-json\/wp\/v2\/media?parent=2219"}],"curies":[{"name":"wp","href":"https:\/\/api.w.org\/{rel}","templated":true}]}}