{"id":3,"date":"2022-05-06T13:50:21","date_gmt":"2022-05-06T13:50:21","guid":{"rendered":"http:\/\/davormucic.com\/?page_id=3"},"modified":"2022-07-11T17:28:58","modified_gmt":"2022-07-11T17:28:58","slug":"privacy-policy","status":"publish","type":"page","link":"https:\/\/davormucic.com\/hr\/privacy-policy\/","title":{"rendered":"Privacy Policy"},"content":{"rendered":"<h2 class=\"wp-block-heading\">Tko smo mi<\/h2>\n\n\n\n<p>Adresa na\u0161e web stranice je: https:\/\/davormucic.com.<\/p>\n\n\n\n<h2 class=\"wp-block-heading\">Komentari<\/h2>\n\n\n\n<p>When visitors leave comments on the site we collect the data shown in the comments form, and also the visitor\u2019s IP address and browser user agent string to help spam detection.<\/p>\n\n\n\n<p>Anonimizirani niz kreiran iz va\u0161e adrese e-po\u0161te (koji se tako\u0111er naziva hash) mo\u017ee biti dostavljen usluzi Gravatar da provjeri koristite li ga. Politika privatnosti usluge Gravatar dostupna je ovdje: https:\/\/automattic.com\/privacy\/. Nakon odobrenja va\u0161eg komentara, va\u0161a profilna slika je vidljiva javnosti u kontekstu va\u0161eg komentara.<\/p>\n\n\n\n<h2 class=\"wp-block-heading\"><\/h2>\n\n\n\n<h2 class=\"wp-block-heading\">Kola\u010di\u0107i<\/h2>\n\n\n\n<p>Ako ostavite komentar na na\u0161oj stranici, mo\u017eete se odlu\u010diti za spremanje svog imena, adrese e-po\u0161te i web stranice u kola\u010di\u0107e. Ovo su radi va\u0161e udobnosti, tako da ne morate ponovno ispunjavati svoje podatke kada ostavite drugi komentar. Ovi kola\u010di\u0107i \u0107e trajati godinu dana.<\/p>\n\n\n\n<p>Ako posjetite na\u0161u stranicu za prijavu, postavit \u0107emo privremeni kola\u010di\u0107 kako bismo utvrdili prihva\u0107a li va\u0161 preglednik kola\u010di\u0107e. Ovaj kola\u010di\u0107 ne sadr\u017ei osobne podatke i odbacuje se kada zatvorite svoj preglednik.<\/p>\n\n\n\n<p>Kada se prijavite, tako\u0111er \u0107emo postaviti nekoliko kola\u010di\u0107a za spremanje va\u0161ih podataka za prijavu i izbora prikaza zaslona. Kola\u010di\u0107i za prijavu traju dva dana, a kola\u010di\u0107i opcija zaslona traju godinu dana. Ako odaberete \"Zapamti me\", va\u0161a \u0107e prijava trajati dva tjedna. Ako se odjavite sa svog ra\u010duna, kola\u010di\u0107i za prijavu bit \u0107e uklonjeni.<\/p>\n\n\n\n<p>If you edit or publish an article, an additional cookie will be saved in your browser. This cookie includes no personal data and simply indicates the post ID of the article you just edited. It expires after 1 day.<\/p>\n\n\n\n<h2 class=\"wp-block-heading\">Ugra\u0111eni sadr\u017eaj s drugih web-mjesta<\/h2>\n\n\n\n<p>\u010clanci na ovoj stranici mogu sadr\u017eavati ugra\u0111eni sadr\u017eaj (npr. videozapise, slike, \u010dlanke itd.). Ugra\u0111eni sadr\u017eaj s drugih web stranica pona\u0161a se na potpuno isti na\u010din kao da je posjetitelj posjetio drugu web stranicu.<\/p>\n\n\n\n<p>Ove web stranice mogu prikupljati podatke o vama, koristiti kola\u010di\u0107e, ugraditi dodatno pra\u0107enje tre\u0107e strane i pratiti va\u0161u interakciju s tim ugra\u0111enim sadr\u017eajem, uklju\u010duju\u0107i pra\u0107enje va\u0161e interakcije s ugra\u0111enim sadr\u017eajem ako imate ra\u010dun i prijavljeni ste na tu web stranicu.<\/p>\n\n\n\n<h2 class=\"wp-block-heading\">Koliko dugo \u010duvamo va\u0161e podatke<\/h2>\n\n\n\n<p>Ako ostavite komentar, komentar i njegovi metapodaci zadr\u017eavaju se neograni\u010deno. To je tako da mo\u017eemo automatski prepoznati i odobriti sve naknadne komentare umjesto da ih dr\u017eimo u redu za moderiranje.<\/p>\n\n\n\n<p>Za korisnike koji se registriraju na na\u0161oj web stranici (ako ih ima), tako\u0111er pohranjujemo osobne podatke koje oni daju u svom korisni\u010dkom profilu. Svi korisnici mogu vidjeti, ure\u0111ivati \u200b\u200bili izbrisati svoje osobne podatke u bilo kojem trenutku (osim \u0161to ne mogu promijeniti svoje korisni\u010dko ime). Administratori web-mjesta tako\u0111er mogu vidjeti i ure\u0111ivati \u200b\u200bte podatke.<\/p>\n\n\n\n<h2 class=\"wp-block-heading\">Koja prava imate nad svojim podacima<\/h2>\n\n\n\n<p>Ako imate ra\u010dun na ovoj stranici ili ste ostavili komentare, mo\u017eete zatra\u017eiti da dobijete izvezenu datoteku osobnih podataka koje imamo o vama, uklju\u010duju\u0107i sve podatke koje ste nam dostavili. Tako\u0111er mo\u017eete zatra\u017eiti da izbri\u0161emo sve osobne podatke koje imamo o vama. To ne uklju\u010duje podatke koje smo du\u017eni \u010duvati u administrativne, pravne ili sigurnosne svrhe.<\/p>\n\n\n\n<h2 class=\"wp-block-heading\">Gdje \u0161aljemo va\u0161e podatke<\/h2>\n\n\n\n<p>Komentari posjetitelja mogu se provjeriti putem automatizirane usluge otkrivanja ne\u017eeljene po\u0161te.<\/p>","protected":false},"excerpt":{"rendered":"<div class=\"entry-summary\">\nWho we are Our website address is: http:\/\/davormucic.com. Comments When visitors leave comments on the site we collect the data shown in the comments form, and also the visitor\u2019s IP address and&hellip;\n<\/div>\n<div class=\"link-more-container\"><a href=\"https:\/\/davormucic.com\/hr\/privacy-policy\/\" class=\"link-more\" aria-label=\"Continue reading Privacy Policy\">Continue reading&hellip;<\/a><\/div>","protected":false},"author":1,"featured_media":0,"parent":0,"menu_order":0,"comment_status":"closed","ping_status":"closed","template":"","meta":{"jetpack_post_was_ever_published":false,"footnotes":""},"class_list":["post-3","page","type-page","status-publish","hentry","entry","entry-type-page"],"jetpack_sharing_enabled":true,"_links":{"self":[{"href":"https:\/\/davormucic.com\/hr\/wp-json\/wp\/v2\/pages\/3","targetHints":{"allow":["GET"]}}],"collection":[{"href":"https:\/\/davormucic.com\/hr\/wp-json\/wp\/v2\/pages"}],"about":[{"href":"https:\/\/davormucic.com\/hr\/wp-json\/wp\/v2\/types\/page"}],"author":[{"embeddable":true,"href":"https:\/\/davormucic.com\/hr\/wp-json\/wp\/v2\/users\/1"}],"replies":[{"embeddable":true,"href":"https:\/\/davormucic.com\/hr\/wp-json\/wp\/v2\/comments?post=3"}],"version-history":[{"count":4,"href":"https:\/\/davormucic.com\/hr\/wp-json\/wp\/v2\/pages\/3\/revisions"}],"predecessor-version":[{"id":1653,"href":"https:\/\/davormucic.com\/hr\/wp-json\/wp\/v2\/pages\/3\/revisions\/1653"}],"wp:attachment":[{"href":"https:\/\/davormucic.com\/hr\/wp-json\/wp\/v2\/media?parent=3"}],"curies":[{"name":"wp","href":"https:\/\/api.w.org\/{rel}","templated":true}]}}