{"id":450,"date":"2022-05-17T17:51:54","date_gmt":"2022-05-17T17:51:54","guid":{"rendered":"https:\/\/davormucic.com\/?page_id=450"},"modified":"2025-05-07T21:18:26","modified_gmt":"2025-05-07T21:18:26","slug":"about","status":"publish","type":"page","link":"https:\/\/davormucic.com\/hr\/about\/","title":{"rendered":"About the Telepsychiatry author and expert"},"content":{"rendered":"<div class=\"wp-block-cover aligncenter is-style-scale-image no-transform wp-duotone-383e42-ffffff-1\" style=\"min-height:25vh;aspect-ratio:unset;\" id=\"cover-bckgrnd\"><span aria-hidden=\"true\" class=\"wp-block-cover__background has-background-dim-20 has-background-dim\"><\/span><img loading=\"lazy\" decoding=\"async\" width=\"640\" height=\"605\" class=\"wp-block-cover__image-background wp-image-1478\" alt=\"Black Greek capital letter Psi on white background\" src=\"https:\/\/davormucic.com\/wp-content\/uploads\/2022\/06\/psi-letter.png\" data-object-fit=\"cover\" srcset=\"https:\/\/davormucic.com\/wp-content\/uploads\/2022\/06\/psi-letter.png 640w, https:\/\/davormucic.com\/wp-content\/uploads\/2022\/06\/psi-letter-300x284.png 300w, https:\/\/davormucic.com\/wp-content\/uploads\/2022\/06\/psi-letter-13x12.png 13w\" sizes=\"auto, (max-width: 640px) 100vw, 640px\" \/><div class=\"wp-block-cover__inner-container is-layout-flow wp-block-cover-is-layout-flow\">\n<h1 class=\"wp-block-heading has-text-align-center has-palette-2-color has-palette-3-background-color has-text-color has-background\" id=\"hero-title\" style=\"font-size:2.4em\">O Davoru Muci\u0107u<\/h1>\n<\/div><\/div>\n\n\n\n<div class=\"wp-block-columns has-background is-layout-flex wp-container-core-columns-is-layout-4 wp-block-columns-is-layout-flex\" style=\"background-color:#ebecf0\">\n<div class=\"wp-block-column is-layout-flow wp-block-column-is-layout-flow\">\n<div class=\"wp-block-columns is-layout-flex wp-container-core-columns-is-layout-3 wp-block-columns-is-layout-flex\">\n<div class=\"wp-block-column has-palette-3-background-color has-background is-layout-flow wp-block-column-is-layout-flow\" id=\"author-article\">\n<div style=\"height:7vh\" aria-hidden=\"true\" class=\"wp-block-spacer\"><\/div>\n\n\n\n<h2 class=\"wp-block-heading has-text-align-center\">Kratki Curriculum Vitae<\/h2>\n\n\n\n<div style=\"height:7vh\" aria-hidden=\"true\" class=\"wp-block-spacer\"><\/div>\n\n\n\n<div class=\"wp-block-columns is-layout-flex wp-container-core-columns-is-layout-1 wp-block-columns-is-layout-flex\">\n<div class=\"wp-block-column is-layout-flow wp-block-column-is-layout-flow\" style=\"padding-top:30px;padding-right:30px;padding-bottom:0px;padding-left:30px\">\n<p class=\"has-drop-cap has-text-align-justify is-style-default has-palette-2-color has-text-color translation-block\">Davor Muci\u0107 (DM), diplomirao je na Medicinskom fakultetu u Rijeci i specijaliziranu psihijatriju u Danskoj. U skladu s interesom za kori\u0161tenje tehnologije u pru\u017eanju mentalnog zdravlja (e-Mental Health), DM je osnovao <a href=\"http:\/\/www.denlilleprins.org\/\" target=\"_blank\">\u201cPsihijatrijski centar Mali princ\u201d<\/a> u Kopenhagenu, gdje se od 2000. godine bavi razvojem telepsihijatrije, uporedo sa klini\u010dkom praksom u brojnim klinikama u \u0160vedskoj i Danskoj.<\/p>\n\n\n\n<p class=\"has-text-align-justify has-palette-2-color has-text-color\">DM je objavio niz akademskih radova vezanih za razvoj telepsihijatrije u Danskoj, kao \u0161to su znanstveni \u010dlanci o prvoj me\u0111unarodnoj telepsihijatrijskoj slu\u017ebi u svijetu i prvoj svjetskoj \"transkulturnoj telepsihijatrijskoj slu\u017ebi\", osnovanoj 2004. Potonja slu\u017eba jo\u0161 uvijek radi, povezuju\u0107i psihijatrijski odjel u bolnici R\u00f8nne, na otoku Bornholmu, i kliniku \u201cMali Princ\u201d u Kopenhagenu. Sukladno tome, predstavlja  najdu\u017ee postoje\u0107u telepsihijatrijsku slu\u017ebu u Europi.<\/p>\n<\/div>\n\n\n\n<div class=\"wp-block-column is-layout-flow wp-block-column-is-layout-flow\" style=\"padding-top:30px;padding-right:0px;padding-bottom:0px;padding-left:0px\"><div class=\"wp-block-image\">\n<figure class=\"aligncenter size-full is-resized\"><img loading=\"lazy\" decoding=\"async\" width=\"735\" height=\"733\" src=\"https:\/\/davormucic.com\/wp-content\/uploads\/2022\/09\/davor-mucic-portrait-in-beige-jacket.jpg\" alt=\"portrait of dr. Davor Muci\u0107 with glasses in a beige jacket sitting in a wooden chair\" class=\"wp-image-2089\" style=\"width:551px;height:550px\" srcset=\"https:\/\/davormucic.com\/wp-content\/uploads\/2022\/09\/davor-mucic-portrait-in-beige-jacket.jpg 735w, https:\/\/davormucic.com\/wp-content\/uploads\/2022\/09\/davor-mucic-portrait-in-beige-jacket-300x300.jpg 300w, https:\/\/davormucic.com\/wp-content\/uploads\/2022\/09\/davor-mucic-portrait-in-beige-jacket-150x150.jpg 150w, https:\/\/davormucic.com\/wp-content\/uploads\/2022\/09\/davor-mucic-portrait-in-beige-jacket-12x12.jpg 12w, https:\/\/davormucic.com\/wp-content\/uploads\/2022\/09\/davor-mucic-portrait-in-beige-jacket-680x678.jpg 680w\" sizes=\"auto, (max-width: 735px) 100vw, 735px\" \/><figcaption class=\"wp-element-caption\">Pionir telepsihijatrije<\/figcaption><\/figure><\/div><\/div>\n<\/div>\n\n\n\n<div class=\"wp-block-columns is-layout-flex wp-container-core-columns-is-layout-2 wp-block-columns-is-layout-flex\">\n<div class=\"wp-block-column color-link has-palette-2-color has-text-color is-layout-flow wp-block-column-is-layout-flow\" style=\"padding-top:0px;padding-right:30px;padding-bottom:30px;padding-left:30px\">\n<p class=\"has-text-align-justify translation-block\">DM je opisao niz aplikacija e-Mentalnog zdravlja u knjizi <a rel=\"noreferrer noopener\" href=\"https:\/\/link.springer.com\/book\/10.1007\/978-3-319-20852-7\" target=\"_blank\">\"e-Mental Health\"<\/a>, koju je objavio Springer 2016. godine.<\/p>\n\n\n\n<p class=\"has-text-align-justify\">New edition <strong><a href=\"https:\/\/link.springer.com\/book\/10.1007\/978-3-031-59936-1?utm_medium=referral&amp;utm_source=google_books&amp;utm_campaign=3_pier05_buy_print&amp;utm_content=en_08082017&amp;srsltid=AfmBOoqEy8Mp-iitDxTGxk1b4pDIOMhysMge_vKt6-9yGmRHn9DiG9yA\" data-type=\"link\" data-id=\"https:\/\/link.springer.com\/book\/10.1007\/978-3-031-59936-1?utm_medium=referral&amp;utm_source=google_books&amp;utm_campaign=3_pier05_buy_print&amp;utm_content=en_08082017&amp;srsltid=AfmBOoqEy8Mp-iitDxTGxk1b4pDIOMhysMge_vKt6-9yGmRHn9DiG9yA\" target=\"_blank\" rel=\"noreferrer noopener\">&#8220;Digital mental health: The future is now&#8221; <\/a><\/strong>represents a similar concept as e-mental health. However, the paradigm has changed; underserved populations are no longer the exclusive focus. The experience of the COVID-19 pandemic has encouraged wider acceptance and application of the technology, expanding its use to both rural and urban areas. The expansive potential of digital mental health approaches is demonstrated in a variety of mental health contexts, highlighted through clinical examples and applications that introduce innovative strategies for technology integration.<\/p>\n\n\n\n<p class=\"has-text-align-justify translation-block\">2011. DM je pokrenuo Sekciju za telementalno zdravlje (tj. trenutnu sekciju za e-Mentalno zdravlje) u okviru EPA (European Psychiatric Association).<\/p>\n\n\n\n<p class=\"has-text-align-justify\">2015. godine DM je ponovo aktivirao Sekciju za informatiku u okviru WPA (Svjetske psihijatrijske asocijacije).&nbsp;<\/p>\n\n\n\n<p class=\"has-text-align-justify\">In 2020. DM launched and coordinated an \u201ce-Mental Health Expert Group\u201d within the WPA to help the WPA and member societies address the mental health consequences of the COVID-19 pandemic. Additionally, DM initiated and served as the lead author of the WPA&#8217;s <a href=\"https:\/\/3ba346de-fde6-473f-b1da-536498661f9c.filesusr.com\/ugd\/e172f3_19ce700c2a1f484b98efdcaf02c3c6ff.pdf\" target=\"_blank\" rel=\"noreferrer noopener\">\u201cTelepsychiatry Global Guidelines\u201d<\/a>, objavljene u 2021. <a href=\"https:\/\/link.springer.com\/article\/10.1007\/s41347-024-00418-6\">Smjernice<\/a> su sveobuhvatno a\u017eurirane 2024. godine te ih je nakladnik Springer objavio.<\/p>\n\n\n\n<p class=\"has-text-align-justify translation-block\">Za svoj gore spomenuti doprinos, DM je nagra\u0111en kao po\u010dasni \u010dlan WPA 2020.<\/p>\n\n\n\n<p class=\"has-text-align-justify translation-block\">DM je trenutno glavni urednik \u010dasopisa <a href=\"http:\/\/www.edoriumjournalofpsychiatry.com\/editorial-board.php\" target=\"_blank\">Edorium Journal of Psychiatry<\/a> i \u010dlan uredni\u010dkog savjetodavnog odbora <a href=\"https:\/\/jpps.pk\/index.php\/journal\/about\/editorialTeam\" target=\"_blank\">Journal of Pakistan Psychiatric Society<\/a>.<\/p>\n\n\n\n<p class=\"has-text-align-justify translation-block\">Nadalje, DM je recenzent za <a href=\"https:\/\/journals.sagepub.com\/home\/jtt\" target=\"_blank\">Journal of telemedicine and Telecare<\/a> i <a href=\"https:\/\/new.ejpsy.eg.net\/editorialboard.asp\" target=\"_blank\">Egyptian Journal of Psychiatry<\/a>.<\/p>\n\n\n\n<p class=\"has-text-align-justify\">DM defended the first telepsychiatry related doctoral dissertation in the EU, entitled \u201cTelepsychiatry in assessment and\/or treatment of refugees and migrants\u201d, at the University of Silesia in Katowice (Poland), in May 2022.<\/p>\n\n\n\n<div style=\"height:13vh\" aria-hidden=\"true\" class=\"wp-block-spacer\"><\/div>\n\n\n\n<h3 class=\"wp-block-heading has-text-align-center has-palette-2-color has-text-color\">Oblasti izu\u010davanja<\/h3>\n\n\n\n<div style=\"height:10vh\" aria-hidden=\"true\" class=\"wp-block-spacer\"><\/div>\n\n\n\n<ol class=\"wp-block-list justify-section\">\n<li>Razvoj telepsihijatrije kroz nekoliko projekata uspostavljenih u Danskoj od 2002. Projekte su finansirali Ministarstvo unutarnjih poslova i zdravstva, Zaklada Egmont, Zaklada za zdravstvo, Ministarstvo za socijalna pitanja i integraciju Danske.<\/li>\n\n\n\n<li>2009-2014. Member of the Expert Group within development of Danish \u201cTele-tolkning Projekt\u201d (the use of interpreters in health care system via videoconference)<\/li>\n\n\n\n<li>2014-2015. Member of the Expert Group within Danish project \u201cOrganisation of the Treatment of Non- Psychotic Conditions Via Use of Internet\u201d (\u201cOrganisering af behandling til ikke-psykotiske lidelser med inddragelse af internetbehandling\u201d, by KORA)<\/li>\n\n\n\n<li>2015.-2016. \u010clan stru\u010dne skupine unutar EPA (European Psychiatry Association), koji razvija Smjernice o kvaliteti intervencija e-mentalnog zdravlja u lije\u010denju Psihoti\u010dnih poreme\u0107aja.<\/li>\n\n\n\n<li>2016-17. \u010clan stru\u010dne skupine unutar EPA-e, koja razvija Smjernice za e-Mentalne zdravstvene intervencije u lije\u010denju posttraumatskog stresnog poreme\u0107aja (PTSP)<\/li>\n\n\n\n<li>2020-21. Initiator and leader of the \u201ce-Mental Health Expert group\u201d within the WPA, where he developed the \u201cTelepsychiatry Global Guidelines\u201d and held the first online training <a href=\"https:\/\/www.wpanet.org\/post\/meet-the-speakers-wpa-course-on-telepsychiatry\" target=\"_blank\" rel=\"noreferrer noopener\">(CME) te\u010daj za telepsihijatriju.<\/a><\/li>\n<\/ol>\n\n\n\n<div style=\"height:13vh\" aria-hidden=\"true\" class=\"wp-block-spacer\"><\/div>\n\n\n\n<h3 class=\"wp-block-heading has-text-align-center\">Postignu\u0107a i ve\u0161tine<\/h3>\n\n\n\n<div style=\"height:10vh\" aria-hidden=\"true\" class=\"wp-block-spacer\"><\/div>\n\n\n\n<h4 class=\"wp-block-heading has-text-align-center\">Postignu\u0107a<\/h4>\n\n\n\n<div style=\"height:10vh\" aria-hidden=\"true\" class=\"wp-block-spacer\"><\/div>\n\n\n\n<ul class=\"wp-block-list justify-section\">\n<li>DM identified a culture and linguistic barriers as major obstacles for migrants to access mental healthcare in Denmark and acordingly \u201cinvented\u201d and implemented \u201ctranscultural telepsychiatry model\u201d via several national projects. The term covers the use of a video link between patients belonging to ethnic minorities and therapists with the same linguistic, cultural and ethnic background as the patients. Such patients who do not master the language of the host country are most often treated by the use of interpreters, due to the lack of bilingual therapists. The use of transcultural telepsychiatry eliminates the use of interpreters in the assesment and\/or treatment of ethnic minorities i.e. asylum seekers, refugees and immigrants. Consequently, treatment time is shortened, patient satisfaction is improved and costs are significantly reduced. Improved quality of care is a natural &#8220;side effect&#8221;.<\/li>\n<\/ul>\n\n\n\n<ul class=\"wp-block-list justify-section\">\n<li class=\" translation-block\">Kako su dvojezi\u010dni terapeuti bili lako dostupni u \u0160vedskoj, DM je 2005. godine uspostavio prvu <a href=\"https:\/\/davormucic.com\/academic-papers\/#paper-3\" rel=\"noreferrer noopener\">me\u0111unarodnu telepsihijatrijsku slu\u017ebu<\/a> u svijetu, kao dio razvoja transkulturalnog modela telepsihijatrije u Danskoj. Na taj su na\u010din dvojezi\u010dni terapeuti koji se nalaze u \u0160vedskoj procjenjivali i lije\u010dili pacijente koji se nalaze u Danskoj.<\/li>\n\n\n\n<li>Among other launched and developed telepsychiatry applications, it is worth mentioning the &#8220;Telepsychiatry Shared-care&#8221; model in outskirts of Denmark and the use of telepsychiatry to assess the work ability of unemployed migrants, but also Danish citizens.<\/li>\n\n\n\n<li>DM je sudjelovao u uspostavljanju i implementaciji telepsihijatrije u regiji Zeland (Danska) u razdoblju od novembra 2019. do juna 2020. godine.<\/li>\n<\/ul>\n\n\n\n<div style=\"height:10vh\" aria-hidden=\"true\" class=\"wp-block-spacer\"><\/div>\n\n\n\n<h4 class=\"wp-block-heading has-text-align-center\"><strong>Specijalne ve\u0161tine<\/strong><\/h4>\n\n\n\n<div style=\"height:10vh\" aria-hidden=\"true\" class=\"wp-block-spacer\"><\/div>\n\n\n\n<ul class=\"wp-block-list justify-section has-palette-2-color has-text-color\">\n<li class=\" translation-block\">Vje\u0161tine verbalne komunikacije razvijale su se i unaprje\u0111ivale kroz niz <a rel=\"noreferrer noopener\" href=\"https:\/\/davormucic.com\/wp-content\/uploads\/2022\/06\/Davor-Mucic-international-presentations.pdf\">me\u0111unarodnih prezentacija i predavanja<\/a> kako studentima tako i kolegama akademicima iz podru\u010dja mentalnog zdravlja.<\/li>\n\n\n\n<li>Vje\u0161tine vo\u0111enja razvile su se kroz ulogu ravnatelja u Psihijatrijskom centru Mali princ, kao i niz vi\u0161ih pozicija na psihijatrijskim odjelima prvenstveno u \u0160vedskoj.<\/li>\n\n\n\n<li>Organizacijske vje\u0161tine razvijene su kroz nekoliko nacionalnih telepsihijatrijskih projekata u Danskoj.<\/li>\n\n\n\n<li>DM je upravljao bespovratnim sredstvima vezanim uz gore navedene projekte telepsihijatrije.<\/li>\n\n\n\n<li>Creativity skills and artistic talents expressed through songwriting and playing several instruments were crowned with a CD recorded in period 2000-2004. The CD entitled &#8220;Little Prince&#8221; was part of a humanitarian project initiated to support the education of orphans, victims of the war in the former Yugoslavia. The project, which involved more than 100 artists from around the world, was funded by the Little Prince Psychiatric Center.<\/li>\n\n\n\n<li>DM trenutno radi kao koautor na drami s biv\u0161om holivudskom, a sada\u0161njom hrvatskom zvijezdom <a href=\"https:\/\/www.youtube.com\/channel\/UCTfuxNZXva_dwQCyPUMm8JQ\/featured\" target=\"_blank\" rel=\"noreferrer noopener\">Ksenijom Prohaskom<\/a>.<\/li>\n<\/ul>\n<\/div>\n<\/div>\n<\/div>\n<\/div>\n<\/div>\n<\/div>\n\n\n\n<div class=\"wp-block-cover is-light is-style-default\"><span aria-hidden=\"true\" class=\"wp-block-cover__background has-background-dim-0 has-background-dim\"><\/span><img loading=\"lazy\" decoding=\"async\" width=\"1920\" height=\"1080\" class=\"wp-block-cover__image-background wp-image-470\" alt=\"Rijeka city port on a summer day landscape\" src=\"https:\/\/davormucic.com\/wp-content\/uploads\/2022\/05\/rijeka.jpg\" data-object-fit=\"cover\" srcset=\"https:\/\/davormucic.com\/wp-content\/uploads\/2022\/05\/rijeka.jpg 1920w, https:\/\/davormucic.com\/wp-content\/uploads\/2022\/05\/rijeka-300x169.jpg 300w, https:\/\/davormucic.com\/wp-content\/uploads\/2022\/05\/rijeka-1024x576.jpg 1024w, https:\/\/davormucic.com\/wp-content\/uploads\/2022\/05\/rijeka-768x432.jpg 768w, https:\/\/davormucic.com\/wp-content\/uploads\/2022\/05\/rijeka-1536x864.jpg 1536w, https:\/\/davormucic.com\/wp-content\/uploads\/2022\/05\/rijeka-18x10.jpg 18w\" sizes=\"auto, (max-width: 1920px) 100vw, 1920px\" \/><div class=\"wp-block-cover__inner-container is-layout-flow wp-block-cover-is-layout-flow\">\n<div class=\"wp-block-columns is-layout-flex wp-container-core-columns-is-layout-6 wp-block-columns-is-layout-flex\">\n<div class=\"wp-block-column is-layout-flow wp-block-column-is-layout-flow\" style=\"flex-basis:50%\">\n<div class=\"wp-block-columns is-layout-flex wp-container-core-columns-is-layout-5 wp-block-columns-is-layout-flex\">\n<div class=\"wp-block-column has-palette-2-color has-text-color has-background is-layout-flow wp-block-column-is-layout-flow\" style=\"background-color:#ebecf0;flex-basis:100%\">\n<h3 class=\"wp-block-heading\">Ako \u017eelite da Davor Muci\u0107 bude predava\u010d na va\u0161em Univerzitetu, simpoziju ili zdravstvenoj ustanovi, slobodno po\u0161aljite poruku<\/h3>\n<\/div>\n<\/div>\n\n\n\n<div class=\"wp-block-buttons is-layout-flex wp-block-buttons-is-layout-flex\">\n<div class=\"wp-block-button is-style-outline is-style-outline--2\"><a class=\"wp-block-button__link has-palette-2-color has-text-color has-background wp-element-button\" href=\"https:\/\/davormucic.com\/hr\/contact\/\" style=\"background-color:#ebecf0\">kontakt<\/a><\/div>\n<\/div>\n<\/div>\n\n\n\n<div class=\"wp-block-column is-layout-flow wp-block-column-is-layout-flow\" style=\"flex-basis:50%\"><\/div>\n<\/div>\n<\/div><\/div>","protected":false},"excerpt":{"rendered":"<div class=\"entry-summary\">\nBrief Curriculum Vitae Davor Muci\u0107 (DM), graduated from the Medical Faculty in Rijeka and specialized&nbsp; psychiatry in Denmark. In line with the special interest in the use of technology in the provision&hellip;\n<\/div>\n<div class=\"link-more-container\"><a href=\"https:\/\/davormucic.com\/hr\/about\/\" class=\"link-more\" aria-label=\"Continue reading About the Telepsychiatry author and expert\">Continue reading&hellip;<\/a><\/div>","protected":false},"author":1,"featured_media":1515,"parent":0,"menu_order":0,"comment_status":"closed","ping_status":"closed","template":"templates\/page-builder.php","meta":{"jetpack_post_was_ever_published":false,"footnotes":""},"class_list":["post-450","page","type-page","status-publish","has-post-thumbnail","hentry","entry","entry-type-page"],"jetpack_sharing_enabled":true,"_links":{"self":[{"href":"https:\/\/davormucic.com\/hr\/wp-json\/wp\/v2\/pages\/450","targetHints":{"allow":["GET"]}}],"collection":[{"href":"https:\/\/davormucic.com\/hr\/wp-json\/wp\/v2\/pages"}],"about":[{"href":"https:\/\/davormucic.com\/hr\/wp-json\/wp\/v2\/types\/page"}],"author":[{"embeddable":true,"href":"https:\/\/davormucic.com\/hr\/wp-json\/wp\/v2\/users\/1"}],"replies":[{"embeddable":true,"href":"https:\/\/davormucic.com\/hr\/wp-json\/wp\/v2\/comments?post=450"}],"version-history":[{"count":134,"href":"https:\/\/davormucic.com\/hr\/wp-json\/wp\/v2\/pages\/450\/revisions"}],"predecessor-version":[{"id":2194,"href":"https:\/\/davormucic.com\/hr\/wp-json\/wp\/v2\/pages\/450\/revisions\/2194"}],"wp:featuredmedia":[{"embeddable":true,"href":"https:\/\/davormucic.com\/hr\/wp-json\/wp\/v2\/media\/1515"}],"wp:attachment":[{"href":"https:\/\/davormucic.com\/hr\/wp-json\/wp\/v2\/media?parent=450"}],"curies":[{"name":"wp","href":"https:\/\/api.w.org\/{rel}","templated":true}]}}