{"id":627,"date":"2022-05-20T14:21:38","date_gmt":"2022-05-20T14:21:38","guid":{"rendered":"https:\/\/davormucic.com\/?page_id=627"},"modified":"2025-10-18T19:43:24","modified_gmt":"2025-10-18T19:43:24","slug":"academic-papers","status":"publish","type":"page","link":"https:\/\/davormucic.com\/hr\/academic-papers\/","title":{"rendered":"Academic papers, studies and books"},"content":{"rendered":"<div class=\"wp-block-cover is-light is-style-scale-image no-transform\" style=\"min-height:25vh;aspect-ratio:unset;\" id=\"cover-bckgrnd\"><span aria-hidden=\"true\" class=\"wp-block-cover__background has-background-dim-20 has-background-dim\"><\/span><img loading=\"lazy\" decoding=\"async\" width=\"640\" height=\"640\" class=\"wp-block-cover__image-background wp-image-626\" alt=\"Vintage black typewriter Continental brand on white background\" src=\"https:\/\/davormucic.com\/wp-content\/uploads\/2022\/05\/typewriter.jpg\" data-object-fit=\"cover\" srcset=\"https:\/\/davormucic.com\/wp-content\/uploads\/2022\/05\/typewriter.jpg 640w, https:\/\/davormucic.com\/wp-content\/uploads\/2022\/05\/typewriter-300x300.jpg 300w, https:\/\/davormucic.com\/wp-content\/uploads\/2022\/05\/typewriter-150x150.jpg 150w, https:\/\/davormucic.com\/wp-content\/uploads\/2022\/05\/typewriter-12x12.jpg 12w\" sizes=\"auto, (max-width: 640px) 100vw, 640px\" \/><div class=\"wp-block-cover__inner-container is-layout-flow wp-block-cover-is-layout-flow\">\n<h1 class=\"wp-block-heading has-text-align-center has-palette-2-color has-palette-3-background-color has-text-color has-background\" id=\"hero-title\" style=\"font-size:2.4em\">Akademski radovi<\/h1>\n<\/div><\/div>\n\n\n\n<div class=\"wp-block-cover is-style-default\"><span aria-hidden=\"true\" class=\"wp-block-cover__background has-background-dim-0 has-background-dim\"><\/span><img loading=\"lazy\" decoding=\"async\" width=\"1920\" height=\"1072\" class=\"wp-block-cover__image-background wp-image-827\" alt=\"Budapest Chain Bridge over the Danube at night with the Parliament building in the background\" src=\"https:\/\/davormucic.com\/wp-content\/uploads\/2022\/05\/szechenyi-chain-bridge-budapest.jpg\" style=\"object-position:51% 25%\" data-object-fit=\"cover\" data-object-position=\"51% 25%\" srcset=\"https:\/\/davormucic.com\/wp-content\/uploads\/2022\/05\/szechenyi-chain-bridge-budapest.jpg 1920w, https:\/\/davormucic.com\/wp-content\/uploads\/2022\/05\/szechenyi-chain-bridge-budapest-300x168.jpg 300w, https:\/\/davormucic.com\/wp-content\/uploads\/2022\/05\/szechenyi-chain-bridge-budapest-1024x572.jpg 1024w, https:\/\/davormucic.com\/wp-content\/uploads\/2022\/05\/szechenyi-chain-bridge-budapest-768x429.jpg 768w, https:\/\/davormucic.com\/wp-content\/uploads\/2022\/05\/szechenyi-chain-bridge-budapest-1536x858.jpg 1536w, https:\/\/davormucic.com\/wp-content\/uploads\/2022\/05\/szechenyi-chain-bridge-budapest-18x10.jpg 18w, https:\/\/davormucic.com\/wp-content\/uploads\/2022\/05\/szechenyi-chain-bridge-budapest-680x380.jpg 680w\" sizes=\"auto, (max-width: 1920px) 100vw, 1920px\" \/><div class=\"wp-block-cover__inner-container is-layout-flow wp-block-cover-is-layout-flow\">\n<p class=\"has-text-align-center has-large-font-size\"><\/p>\n\n\n\n<div class=\"wp-block-columns is-layout-flex wp-container-core-columns-is-layout-1 wp-block-columns-is-layout-flex\">\n<div class=\"wp-block-column is-layout-flow wp-block-column-is-layout-flow\" style=\"flex-basis:33.33%\">\n<h3 class=\"wp-block-heading has-palette-2-color has-text-color has-background\" style=\"background-color:#ebecf0\">Ako \u017eelite da Davor Muci\u0107 bude predava\u010d na va\u0161em Univerzitetu, simpoziju ili zdravstvenoj ustanovi, slobodno po\u0161aljite poruku<\/h3>\n\n\n\n<div class=\"wp-block-buttons is-layout-flex wp-block-buttons-is-layout-flex\">\n<div class=\"wp-block-button\"><a class=\"wp-block-button__link wp-element-button\" href=\"https:\/\/davormucic.com\/hr\/contact\/\">kontakt<\/a><\/div>\n<\/div>\n<\/div>\n\n\n\n<div class=\"wp-block-column is-layout-flow wp-block-column-is-layout-flow\" style=\"flex-basis:66.66%\"><\/div>\n<\/div>\n<\/div><\/div>\n\n\n\n<div class=\"wp-block-columns has-background is-layout-flex wp-container-core-columns-is-layout-6 wp-block-columns-is-layout-flex\" id=\"cover-no-bmargin\" style=\"background-color:#ebecf0\">\n<div class=\"wp-block-column has-palette-2-color has-text-color is-layout-flow wp-block-column-is-layout-flow\" id=\"p-academic-papers\">\n<div class=\"wp-block-columns is-layout-flex wp-container-core-columns-is-layout-2 wp-block-columns-is-layout-flex\">\n<div class=\"wp-block-column is-layout-flow wp-block-column-is-layout-flow\">\n<h2 class=\"wp-block-heading has-text-align-center has-palette-3-background-color has-background\" style=\"font-size:1.333em;font-style:normal;font-weight:500\">Izbor akademskih radova dr Davor Muci\u0107a dostupnih za preuzimanje<\/h2>\n<\/div>\n<\/div>\n\n\n\n<div class=\"wp-block-columns is-layout-flex wp-container-core-columns-is-layout-5 wp-block-columns-is-layout-flex\">\n<div class=\"wp-block-column is-layout-flow wp-block-column-is-layout-flow\" style=\"flex-basis:100%\">\n<div class=\"wp-block-columns is-layout-flex wp-container-core-columns-is-layout-4 wp-block-columns-is-layout-flex\">\n<div class=\"wp-block-column is-layout-flow wp-block-column-is-layout-flow\" style=\"flex-basis:100%\">\n<figure id=\"a-paper-list\" class=\"wp-block-table alignright btn-border is-style-stripes\">\n<table class=\"has-palette-2-color has-palette-3-background-color has-text-color has-background\" style=\"height: 2859px;\" width=\"812\">\n<tbody>\n<tr>\n<td>1. Mucic D. Telepsychiatry Pilot Project in Denmark. <em>World Cultural Psychiatry Research Review 2: 3- 9, 2007.<\/em><br \/><a href=\"https:\/\/davormucic.com\/wp-content\/uploads\/2022\/05\/1.-Telepsychiatry-pilot-project-in-Denmark.pdf\" rel=\"noreferrer noopener\" data-type=\"URL\" data-id=\"https:\/\/davormucic.com\/wp-content\/uploads\/2022\/05\/1.-Telepsychiatry-pilot-project-in-Denmark.pdf\">preuzmi<\/a><\/td>\n<\/tr>\n<tr>\n<td>2. Mucic D. Telepsychiatry in Denmark: Mental Health Care in rural and remote Areas. <em>Journal of eHealth Technology and Application, Vol 5:3, 2007.<\/em><br \/><a href=\"https:\/\/davormucic.com\/wp-content\/uploads\/2022\/05\/2.-Journal_of_eHealth_Technology_and_Application_2007.pdf\" rel=\"noreferrer noopener\">preuzmi<\/a><\/td>\n<\/tr>\n<tr id=\"paper-3\">\n<td>3. Mucic D. International Telepsychiatry, patient acceptability study. <em>Journal of Telemedicine and Telecare. 14:241-243, 2008.<\/em><br \/><a href=\"https:\/\/davormucic.com\/wp-content\/uploads\/2022\/05\/3.-International-Telepsychiatry-patient-acceptability-study.pdf\" rel=\"noreferrer noopener\">preuzmi<\/a><\/td>\n<\/tr>\n<tr>\n<td>4. Mucic D. \u201eTelepsychiatry within European e-Health\u201d. Chapter VIII In Lazakidou A. et al.(Eds): Handbook of Research on Distributed Medical Informatics and eHealth. <em>IGI Global, 2009.<\/em><br \/><a href=\"https:\/\/davormucic.com\/wp-content\/uploads\/2022\/05\/4.-Telepsychiatry-Within-European-e-Health.pdf\" rel=\"noreferrer noopener\" data-type=\"URL\" data-id=\"https:\/\/davormucic.com\/wp-content\/uploads\/2022\/05\/4.-Telepsychiatry-Within-European-e-Health.pdf\">preuzmi<\/a><\/td>\n<\/tr>\n<tr>\n<td>5.Mucic D. Telepsychiatry in Denmark. <em>Med-e-Tel 2007, Proceedings book, Best Practices 314-318<\/em>\u00a0<br \/><a href=\"https:\/\/davormucic.com\/wp-content\/uploads\/2022\/05\/5.-Telepsychiatry-in-denmark-med-e-tel-2007.pdf\" rel=\"noreferrer noopener\" data-type=\"URL\" data-id=\"https:\/\/davormucic.com\/wp-content\/uploads\/2022\/05\/5.-Telepsychiatry-in-denmark-med-e-tel-2007.pdf\">preuzmi<\/a><\/td>\n<\/tr>\n<tr>\n<td><em>6. Volpe U., Davis M, <\/em><strong><em>Mucic D<\/em><\/strong><em>. \u201eThe psychiatrist in thea digital era: new opportunities and new challenges for early career psychiatrists\u201d. In Fiorillo A., Calliess I.T, Sass H. (Eds): How to Succeed in Psychiatry: A Guide to Training and Practice. 2012, Print ISBN: 9781119998662<\/em><br \/><a href=\"https:\/\/davormucic.com\/wp-content\/uploads\/2022\/05\/6.-Transcultural-Telepsychiatry-and-Its-Impact-on-Patient-Satisfaction.pdf\" rel=\"noreferrer noopener\" data-type=\"URL\" data-id=\"https:\/\/davormucic.com\/wp-content\/uploads\/2022\/05\/6.-Transcultural-Telepsychiatry-and-Its-Impact-on-Patient-Satisfaction.pdf\">preuzmi<\/a><\/td>\n<\/tr>\n<tr>\n<td>7. Mucic D. Transcultural telepsychiatry and its impact on patient satisfaction. <em>Journal of Telemedicine and Telecare 2010; 16: 237\u2013242<\/em><br \/><a href=\"https:\/\/davormucic.com\/wp-content\/uploads\/2022\/05\/7.-The-psychiatrist-in-the-digital-era-new-opportunities-and-new-challenges-for-early-career-psychiatrists.pdf\" rel=\"noreferrer noopener\" data-type=\"URL\" data-id=\"https:\/\/davormucic.com\/wp-content\/uploads\/2022\/05\/7.-The-psychiatrist-in-the-digital-era-new-opportunities-and-new-challenges-for-early-career-psychiatrists.pdf\">preuzmi<\/a><\/td>\n<\/tr>\n<tr>\n<td>8. Volpe U., Dell\u2019Osso B., Fiorillo A., <strong>Mucic D<\/strong>., Aboujaude E.: Internet-related psychopathology: clinical phenotypes and perspectives in an evolving field. <em>Journal of Psychopathology 2015;21: 406-414<\/em><br \/><a href=\"https:\/\/davormucic.com\/wp-content\/uploads\/2022\/05\/8.-Volpe_Internet-Addiction_IJP-2015.pdf\" rel=\"noreferrer noopener\" data-type=\"URL\" data-id=\"https:\/\/davormucic.com\/wp-content\/uploads\/2022\/05\/8.-Volpe_Internet-Addiction_IJP-2015.pdf\">preuzmi<\/a><\/td>\n<\/tr>\n<tr>\n<td>9. Hilty D.M., Chan S., Torous J., Mahautmr J., <strong>Mucic, D. <\/strong>(2015). New frontiers in healthcare and technology: Internet- and web-based mental options emerge to complement in-person and TP care options. <em>Journal of Health and Medical Informatics, 2015, 6:4<\/em><br \/><a href=\"https:\/\/davormucic.com\/wp-content\/uploads\/2022\/05\/9.-new-frontiers-in-healthcare-and-technology-internetand-webbasedmental-options-emerge-to-complement-inperson-and-telepsychiatriccare-options-2157-7420-1000200.pdf\" rel=\"noreferrer noopener\" data-type=\"URL\" data-id=\"https:\/\/davormucic.com\/wp-content\/uploads\/2022\/05\/9.-new-frontiers-in-healthcare-and-technology-internetand-webbasedmental-options-emerge-to-complement-inperson-and-telepsychiatriccare-options-2157-7420-1000200.pdf\">preuzmi<\/a><\/td>\n<\/tr>\n<tr>\n<td>10. Mucic D, Hilty DM (Eds): e-Mental Health. <em>Springer, Cham,2016.<\/em><\/td>\n<\/tr>\n<tr>\n<td>11. W. Gaebel, I. Gro\u00dfimlinghaus, A. Kerst, Y. Cohen, B. Johnsson, <strong>D. Mucic<\/strong>, I. Petrea, W. R\u00f6ssler, G. Thornicroft, J. Zielasek (2016). EPA Guidance on the Quality of eMental Health Interventions in the Treatment of Psychotic Disorders<em>. Eur Arch Psychiatry Clin Neurosci. 2016 Mar;266(2):125-37. doi: 10.1007\/s00406-016-0677-6. Review<\/em><br \/><a href=\"https:\/\/davormucic.com\/wp-content\/uploads\/2022\/05\/11.-European-Psychiatric-Association-EPA-guidance-on-the-quality-of-eMental-health-interventions-in-the-treatment-of-psychotic-disorders.pdf\" rel=\"noreferrer noopener\" data-type=\"URL\" data-id=\"https:\/\/davormucic.com\/wp-content\/uploads\/2022\/05\/11.-European-Psychiatric-Association-EPA-guidance-on-the-quality-of-eMental-health-interventions-in-the-treatment-of-psychotic-disorders.pdf\">preuzmi<\/a><\/td>\n<\/tr>\n<tr>\n<td><em>12. Mucic D. (2016) Cross-Cultural Telepsychiatry: An Innovative Approach to Assess and Treat Ethnic Minorities with Limited Language Proficiency. In: Chen YW., Tanaka S., Howlett R., Jain L. (eds) Innovation in Medicine and Healthcare 2016. InMed 2016. Smart Innovation, Systems and Technologies, vol 60. Springer, Cham<\/em> <br \/><a href=\"https:\/\/davormucic.com\/wp-content\/uploads\/2022\/05\/12.-Mucic-D.-2016-Cross-Cultural-Telepsychiatry-An-Innovative-Approach-to-Assess-and-Treat-Ethnic-Minorities-with-Limited-Language-Proficiency.-.pdf\" rel=\"noreferrer noopener\">preuzmi<\/a><\/td>\n<\/tr>\n<tr>\n<td>13. W. Gaebel, I. Gro\u00dfimlinghaus, <strong>D. Mucic<\/strong>, A. Maercker, J. Zielasek, A. Kerst (2017). EPA guidance on eMental health interventions in the treatment of posttraumatic stress disorder (PTSD). <em>European Psychiatry, Volume 41, 140 \u2013 152<\/em><br \/><a href=\"https:\/\/davormucic.com\/wp-content\/uploads\/2022\/05\/13.-EPA-guidance-on-eMental-health-interventions-in-the-treatment-of-posttraumatic-stress-disorder-PTSD.pdf\" rel=\"noreferrer noopener\" data-type=\"URL\" data-id=\"https:\/\/davormucic.com\/wp-content\/uploads\/2022\/05\/13.-EPA-guidance-on-eMental-health-interventions-in-the-treatment-of-posttraumatic-stress-disorder-PTSD.pdf\">preuzmi<\/a><\/td>\n<\/tr>\n<tr>\n<td>14. Mucic D, Jokumsen M. Telepsychiatry- Prevention and Treatment in the Outskirt Areas, A Shared- Care Model within a Danish Context. <em>J Intensive &amp; Crit Care 2017,3:2<\/em><br \/><a href=\"https:\/\/davormucic.com\/wp-content\/uploads\/2022\/05\/14.-telepsychiatry-prevention-and-treatment-in-the-outskirt-areas-a-sharedcare-model-within-a-danish-context.pdf\" rel=\"noreferrer noopener\" data-type=\"URL\" data-id=\"https:\/\/davormucic.com\/wp-content\/uploads\/2022\/05\/14.-telepsychiatry-prevention-and-treatment-in-the-outskirt-areas-a-sharedcare-model-within-a-danish-context.pdf\">preuzmi<\/a><\/td>\n<\/tr>\n<tr>\n<td>15. Mucic D, Polyanskaya I. Telepsychiatry in Assessment of Vocational Potential of Unemployed Individuals in Denmark. <em>J Intensive &amp; Crit Care 2017, 3:2<\/em><br \/><a href=\"https:\/\/davormucic.com\/wp-content\/uploads\/2022\/05\/15.-telepsychiatry-in-assessment-of-vocational-potential-of-unemployed-individuals-in-denmark.pdf\" rel=\"noreferrer noopener\" data-type=\"URL\" data-id=\"https:\/\/davormucic.com\/wp-content\/uploads\/2022\/05\/15.-telepsychiatry-in-assessment-of-vocational-potential-of-unemployed-individuals-in-denmark.pdf\">preuzmi<\/a><\/td>\n<\/tr>\n<tr>\n<td>16. Mucic D. \u201eTraining in Telepsychiatry\u201d. In Edmond H. Pi, Tan Chay Hoon and Marc H.M. Hermans (Eds): Mental Health and Illness Worldwide. Education about Mental Health and Illness. <em>Springer publisher, 2018.<\/em><br \/><a href=\"https:\/\/davormucic.com\/wp-content\/uploads\/2022\/05\/16.-Training-in-Telepsychiatry.pdf\" rel=\"noreferrer noopener\" data-type=\"URL\" data-id=\"https:\/\/davormucic.com\/wp-content\/uploads\/2022\/05\/16.-Training-in-Telepsychiatry.pdf\">preuzmi<\/a><\/td>\n<\/tr>\n<tr>\n<td>17. Mucic D., Zaman R. e-Mental health in management of depression. <em>Cutting Edge Psychiatry in Practice, Issue 5;1;239-242, 2018.<\/em><br \/><a href=\"https:\/\/davormucic.com\/wp-content\/uploads\/2022\/05\/17.-E-mental-health-in-the-management-of-depression.pdf\" rel=\"noreferrer noopener\">preuzmi<\/a><\/td>\n<\/tr>\n<tr>\n<td>18. Mucic D. &#8220;Psychotherapy Using Electronic Media&#8221;. In Meryam Schouler-Ocak and Marianne C. Kastrup (Eds): Intercultural Psychotherapy, <em>Springer publisher, 2019.<\/em><br \/><a href=\"https:\/\/davormucic.com\/wp-content\/uploads\/2022\/05\/18.-Psychotherapy-Using-Electronic-Media.pdf\" rel=\"noreferrer noopener\" data-type=\"URL\" data-id=\"https:\/\/davormucic.com\/wp-content\/uploads\/2022\/05\/18.-Psychotherapy-Using-Electronic-Media.pdf\">preuzmi<\/a><\/td>\n<\/tr>\n<tr>\n<td>19. Krzystanek M, Krysta K, Borkowski M, Ska\u0142acka K, Przyby\u0142o J, Pa\u0142asz A, <strong>Mucic D, <\/strong>Martyniak E, Waszkiewicz N. The Effect of Smartphone-Based Cognitive Training on the Functional\/Cognitive Markers of Schizophrenia: A One-Year Randomized Study. <em>J Clin Med. 2020 Nov 16;9(11):3681.<\/em><br \/><a href=\"https:\/\/davormucic.com\/wp-content\/uploads\/2022\/05\/19.-The-Effect-of-Smartphone-Based-Cognitive-Training-on-the-Functional_Cognitive-Markers-of-Schizophrenia.pdf\" rel=\"noreferrer noopener\">preuzmi<\/a><\/td>\n<\/tr>\n<tr>\n<td>20. Mucic D. et al. WPA Telepsychiatry Global Guidelines, <em>2021.<\/em><br \/><a href=\"https:\/\/davormucic.com\/wp-content\/uploads\/2022\/05\/20.-WPA_Telepsychiatry-Guidelines-.pdf\" rel=\"noreferrer noopener\">preuzmi<\/a><\/td>\n<\/tr>\n<tr>\n<td>21. D. Mucic,\u00b7 J. H. Shore, D. M. Hilty, K. Krysta, M. Krzystanek. Lessons Learned or Forgotten? Impacts of COVID\u201019 on the Future Direction of Global (e\u2010)Mental Health Care . Current Psychiatry Reports (2021) 23: 86<br \/><a href=\"https:\/\/davormucic.com\/wp-content\/uploads\/2022\/05\/21.-Lessons-learned-and-forgotten....pdf\" rel=\"noreferrer noopener\">preuzmi<\/a><\/td>\n<\/tr>\n<tr>\n<td>22. Mucic, D.,Shore, J., Hilty, D. The World Psychiatric Association Telepsychiatry Global Guidelines. Journal of Technology in Behavioral Science. 9. 1-8. (2023).<br \/><a href=\"https:\/\/davormucic.com\/wp-content\/uploads\/2024\/10\/1.The_World_Psychiatric_Association_Telepsychiatry_G.pdf\" target=\"_blank\" rel=\"noopener\">preuzmi<\/a><\/td>\n<\/tr>\n<tr>\n<td>23. Mucic, D. World Psychiatric Association Telepsychiatry Global Guidelines.\u00a0Journal of Technology in Behavioral Science. 9, 580\u2013596 (2024).<br \/><a href=\"https:\/\/davormucic.com\/wp-content\/uploads\/2024\/10\/2.-Mucic-D.-World-Psychiatric-Association-Telepsychiatry-Global-Guidelines.-Journal-of-Technology-in-Behavioral-Science.-9-580\u2013596-2024.pdf\" target=\"_blank\" rel=\"noopener\">preuzmi<\/a><\/td>\n<\/tr>\n<tr>\n<td>\n<p>24. Ahuja, S., Armstrong, C.M., Mucic, D.\u00a0<em>et al.<\/em>Introduction to the World Psychiatric Association Digital Mental Health Special Edition: Evidence, Implementation, Guidelines, and Policy.\u00a0<em> technol. behav. sci.<\/em>\u00a09, 387\u2013392 (2024).\u00a0<br \/><a href=\"https:\/\/davormucic.com\/wp-content\/uploads\/2024\/10\/3.Introduction-to-the-World-Psychiatric-Association-Digital-Mental-Health-Special-Edition-Evidence-Implementation-Guidelines-and-Policy.pdf\" target=\"_blank\" rel=\"noopener\">preuzmi<\/a><\/p>\n<p>25. Mucic D, Hilty DM (Eds): Digital Mental Health: the Future is Now. Springer, Cham, (2024)\u00a0<\/p>\n<\/td>\n<\/tr>\n<\/tbody>\n<\/table>\n<p>\u00a0<\/p>\n<\/figure>\n\n\n\n<div class=\"wp-block-columns is-layout-flex wp-container-core-columns-is-layout-3 wp-block-columns-is-layout-flex\">\n<div class=\"wp-block-column is-layout-flow wp-block-column-is-layout-flow\" style=\"flex-basis:100%\">\n<div style=\"height:54px\" aria-hidden=\"true\" class=\"wp-block-spacer\"><\/div>\n<\/div>\n<\/div>\n<\/div>\n\n\n\n<div class=\"wp-block-column is-layout-flow wp-block-column-is-layout-flow\"><\/div>\n<\/div>\n<\/div>\n<\/div>\n\n\n\n<p class=\"is-style-default has-palette-2-color has-text-color\"><\/p>\n\n\n\n<p><\/p>\n\n\n\n<p><\/p>\n<\/div>\n<\/div>","protected":false},"excerpt":{"rendered":"<div class=\"entry-summary\">\nSome of Dr. Davor Muci\u0107\u2019s academic papers available for download 1. Mucic D. Telepsychiatry Pilot Project in Denmark. World Cultural Psychiatry Research Review 2: 3- 9, 2007.download 2. Mucic D. Telepsychiatry in&hellip;\n<\/div>\n<div class=\"link-more-container\"><a href=\"https:\/\/davormucic.com\/hr\/academic-papers\/\" class=\"link-more\" aria-label=\"Continue reading Academic papers, studies and books\">Continue reading&hellip;<\/a><\/div>","protected":false},"author":1,"featured_media":626,"parent":0,"menu_order":0,"comment_status":"closed","ping_status":"closed","template":"templates\/page-builder.php","meta":{"jetpack_post_was_ever_published":false,"footnotes":""},"class_list":["post-627","page","type-page","status-publish","has-post-thumbnail","hentry","entry","entry-type-page"],"jetpack_sharing_enabled":true,"_links":{"self":[{"href":"https:\/\/davormucic.com\/hr\/wp-json\/wp\/v2\/pages\/627","targetHints":{"allow":["GET"]}}],"collection":[{"href":"https:\/\/davormucic.com\/hr\/wp-json\/wp\/v2\/pages"}],"about":[{"href":"https:\/\/davormucic.com\/hr\/wp-json\/wp\/v2\/types\/page"}],"author":[{"embeddable":true,"href":"https:\/\/davormucic.com\/hr\/wp-json\/wp\/v2\/users\/1"}],"replies":[{"embeddable":true,"href":"https:\/\/davormucic.com\/hr\/wp-json\/wp\/v2\/comments?post=627"}],"version-history":[{"count":78,"href":"https:\/\/davormucic.com\/hr\/wp-json\/wp\/v2\/pages\/627\/revisions"}],"predecessor-version":[{"id":2215,"href":"https:\/\/davormucic.com\/hr\/wp-json\/wp\/v2\/pages\/627\/revisions\/2215"}],"wp:featuredmedia":[{"embeddable":true,"href":"https:\/\/davormucic.com\/hr\/wp-json\/wp\/v2\/media\/626"}],"wp:attachment":[{"href":"https:\/\/davormucic.com\/hr\/wp-json\/wp\/v2\/media?parent=627"}],"curies":[{"name":"wp","href":"https:\/\/api.w.org\/{rel}","templated":true}]}}